{"id":1190,"date":"2024-10-25T15:50:49","date_gmt":"2024-10-25T15:50:49","guid":{"rendered":"https:\/\/bursahavalandirmabakim.com\/?page_id=1190"},"modified":"2024-11-21T13:40:19","modified_gmt":"2024-11-21T13:40:19","slug":"periyodik-bakim","status":"publish","type":"page","link":"https:\/\/bursahavalandirmabakim.com\/en\/periyodik-bakim\/","title":{"rendered":"Periodic Maintenance"},"content":{"rendered":"<div data-elementor-type=\"wp-page\" data-elementor-id=\"1190\" class=\"elementor elementor-1190\">\n\t\t\t\t<div class=\"elementor-element elementor-element-86fc8a7 e-flex e-con-boxed e-con e-parent\" data-id=\"86fc8a7\" data-element_type=\"container\" data-e-type=\"container\">\n\t\t\t\t\t<div class=\"e-con-inner\">\n\t\t\t\t<div class=\"elementor-element elementor-element-507da24 elementor-widget elementor-widget-heading\" data-id=\"507da24\" data-element_type=\"widget\" data-e-type=\"widget\" data-widget_type=\"heading.default\">\n\t\t\t\t<div class=\"elementor-widget-container\">\n\t\t\t\t\t<h1 class=\"elementor-heading-title elementor-size-default\">Periodic Maintenance<\/h1>\t\t\t\t<\/div>\n\t\t\t\t<\/div>\n\t\t\t\t\t<\/div>\n\t\t\t\t<\/div>\n\t\t<div class=\"elementor-element elementor-element-0994eb8 e-flex e-con-boxed e-con e-parent\" data-id=\"0994eb8\" data-element_type=\"container\" data-e-type=\"container\">\n\t\t\t\t\t<div class=\"e-con-inner\">\n\t\t<div class=\"elementor-element elementor-element-5bbf40b e-con-full e-flex e-con e-child\" data-id=\"5bbf40b\" data-element_type=\"container\" data-e-type=\"container\">\n\t\t\t\t<div class=\"elementor-element elementor-element-56161bd elementor-widget elementor-widget-text-editor\" data-id=\"56161bd\" data-element_type=\"widget\" data-e-type=\"widget\" data-widget_type=\"text-editor.default\">\n\t\t\t\t<div class=\"elementor-widget-container\">\n\t\t\t\t\t\t\t\t\t<p><strong>Professional Technical Service in Industrial Ventilation Systems<\/strong><\/p><p>Regular maintenance is the most effective way to maximize the performance and lifetime of your ventilation systems. Our periodic maintenance programs are tailored specifically to the needs of your business.<\/p><p><strong>Periodic Maintenance Scope:<\/strong><br \/>6 months of comprehensive care<br \/>Annual general maintenance and overhaul<\/p><p><strong>Our Periodic Maintenance Process:<\/strong><br \/>System control and due diligence<br \/>Cleanliness and hygiene control<br \/>Control of mechanical components<br \/>Checking electrical connections<br \/>Performance tests<br \/>Detailed maintenance report<\/p>\t\t\t\t\t\t\t\t<\/div>\n\t\t\t\t<\/div>\n\t\t\t\t<\/div>\n\t\t<div class=\"elementor-element elementor-element-b4821bc e-con-full e-flex e-con e-child\" data-id=\"b4821bc\" data-element_type=\"container\" data-e-type=\"container\">\n\t\t\t\t<div class=\"elementor-element elementor-element-a29fdf6 elementor-widget elementor-widget-image\" data-id=\"a29fdf6\" data-element_type=\"widget\" data-e-type=\"widget\" data-widget_type=\"image.default\">\n\t\t\t\t<div class=\"elementor-widget-container\">\n\t\t\t\t\t\t\t\t\t\t\t\t\t\t\t<img fetchpriority=\"high\" decoding=\"async\" width=\"768\" height=\"1024\" src=\"https:\/\/bursahavalandirmabakim.com\/wp-content\/uploads\/2024\/10\/3421636-768x1024.jpg\" class=\"attachment-large size-large wp-image-1193\" alt=\"\" srcset=\"https:\/\/bursahavalandirmabakim.com\/wp-content\/uploads\/2024\/10\/3421636-768x1024.jpg 768w, https:\/\/bursahavalandirmabakim.com\/wp-content\/uploads\/2024\/10\/3421636-225x300.jpg 225w, https:\/\/bursahavalandirmabakim.com\/wp-content\/uploads\/2024\/10\/3421636.jpg 1080w\" sizes=\"(max-width: 768px) 100vw, 768px\" \/>\t\t\t\t\t\t\t\t\t\t\t\t\t\t\t<\/div>\n\t\t\t\t<\/div>\n\t\t\t\t<\/div>\n\t\t\t\t\t<\/div>\n\t\t\t\t<\/div>\n\t\t\t\t<\/div>","protected":false},"excerpt":{"rendered":"<p>Periyodik Bak\u0131m End\u00fcstriyel Havaland\u0131rma Sistemlerinde Periyodik Bak\u0131m\u0131n \u00d6nemi D\u00fczenli bak\u0131m, havaland\u0131rma sistemlerinizin performans\u0131n\u0131 ve \u00f6mr\u00fcn\u00fc maksimum seviyede tutman\u0131n en etkili yoludur. Periyodik bak\u0131m programlar\u0131m\u0131z, i\u015fletmenizin ihtiya\u00e7lar\u0131na g\u00f6re \u00f6zel olarak tasarlanmaktad\u0131r. Periyodik Bak\u0131m Kapsam\u0131m\u0131z:6 ayl\u0131k kapsaml\u0131 bak\u0131mY\u0131ll\u0131k genel bak\u0131m ve revizyon Periyodik Bak\u0131m S\u00fcrecimiz:Sistem kontrol\u00fc ve durum tespitiTemizlik ve hijyen kontrol\u00fcMekanik aksamlar\u0131n kontrol\u00fcElektriksel ba\u011flant\u0131lar\u0131n kontrol\u00fcPerformans testleriDetayl\u0131 [&hellip;]<\/p>\n","protected":false},"author":1,"featured_media":0,"parent":0,"menu_order":0,"comment_status":"closed","ping_status":"closed","template":"","meta":{"footnotes":""},"class_list":["post-1190","page","type-page","status-publish","hentry"],"blocksy_meta":[],"_links":{"self":[{"href":"https:\/\/bursahavalandirmabakim.com\/en\/wp-json\/wp\/v2\/pages\/1190","targetHints":{"allow":["GET"]}}],"collection":[{"href":"https:\/\/bursahavalandirmabakim.com\/en\/wp-json\/wp\/v2\/pages"}],"about":[{"href":"https:\/\/bursahavalandirmabakim.com\/en\/wp-json\/wp\/v2\/types\/page"}],"author":[{"embeddable":true,"href":"https:\/\/bursahavalandirmabakim.com\/en\/wp-json\/wp\/v2\/users\/1"}],"replies":[{"embeddable":true,"href":"https:\/\/bursahavalandirmabakim.com\/en\/wp-json\/wp\/v2\/comments?post=1190"}],"version-history":[{"count":10,"href":"https:\/\/bursahavalandirmabakim.com\/en\/wp-json\/wp\/v2\/pages\/1190\/revisions"}],"predecessor-version":[{"id":1515,"href":"https:\/\/bursahavalandirmabakim.com\/en\/wp-json\/wp\/v2\/pages\/1190\/revisions\/1515"}],"wp:attachment":[{"href":"https:\/\/bursahavalandirmabakim.com\/en\/wp-json\/wp\/v2\/media?parent=1190"}],"curies":[{"name":"wp","href":"https:\/\/api.w.org\/{rel}","templated":true}]}}