{"id":1204,"date":"2024-10-26T02:22:54","date_gmt":"2024-10-26T02:22:54","guid":{"rendered":"https:\/\/bursahavalandirmabakim.com\/?page_id=1204"},"modified":"2024-11-21T13:43:43","modified_gmt":"2024-11-21T13:43:43","slug":"filtre-degisimi","status":"publish","type":"page","link":"https:\/\/bursahavalandirmabakim.com\/en\/filtre-degisimi\/","title":{"rendered":"Filter Replacement"},"content":{"rendered":"<div data-elementor-type=\"wp-page\" data-elementor-id=\"1204\" class=\"elementor elementor-1204\">\n\t\t\t\t<div class=\"elementor-element elementor-element-f81f7e3 e-flex e-con-boxed e-con e-parent\" data-id=\"f81f7e3\" data-element_type=\"container\" data-e-type=\"container\">\n\t\t\t\t\t<div class=\"e-con-inner\">\n\t\t<div class=\"elementor-element elementor-element-b29bda5 e-con-full e-flex e-con e-child\" data-id=\"b29bda5\" data-element_type=\"container\" data-e-type=\"container\">\n\t\t\t\t<div class=\"elementor-element elementor-element-3da9388 elementor-widget elementor-widget-text-editor\" data-id=\"3da9388\" data-element_type=\"widget\" data-e-type=\"widget\" data-widget_type=\"text-editor.default\">\n\t\t\t\t<div class=\"elementor-widget-container\">\n\t\t\t\t\t\t\t\t\t<p><strong>FILTER CHANGE<\/strong><\/p><p>Filter Change and Maintenance in Industrial Ventilation Systems<\/p><p>The filtration system is one of the most critical components of industrial ventilation. Regular filter replacement directly affects system performance and air quality.<\/p><p><strong>Filter Change Services:<\/strong><\/p><p>Filter condition analysis<br \/>Choosing the appropriate filter<br \/>Professional filter change<br \/>Filters performance tests<br \/>Filter life tracking<\/p><p><strong>Filter Types and Usage Areas:<\/strong><br \/>Peat filtreler<br \/>Hepa filtreler<br \/>Carbon filters<br \/>\u2022 Filter panel<br \/>- Oil retention filters<br \/>- Special industrial filters<\/p>\t\t\t\t\t\t\t\t<\/div>\n\t\t\t\t<\/div>\n\t\t\t\t<\/div>\n\t\t<div class=\"elementor-element elementor-element-bc7b39e e-con-full e-flex e-con e-child\" data-id=\"bc7b39e\" data-element_type=\"container\" data-e-type=\"container\">\n\t\t\t\t<div class=\"elementor-element elementor-element-1feb0d6 elementor-widget elementor-widget-image\" data-id=\"1feb0d6\" data-element_type=\"widget\" data-e-type=\"widget\" data-widget_type=\"image.default\">\n\t\t\t\t<div class=\"elementor-widget-container\">\n\t\t\t\t\t\t\t\t\t\t\t\t\t\t\t<img fetchpriority=\"high\" decoding=\"async\" width=\"683\" height=\"1024\" src=\"https:\/\/bursahavalandirmabakim.com\/wp-content\/uploads\/2024\/10\/filtre-683x1024.jpg\" class=\"attachment-large size-large wp-image-1206\" alt=\"\" srcset=\"https:\/\/bursahavalandirmabakim.com\/wp-content\/uploads\/2024\/10\/filtre-683x1024.jpg 683w, https:\/\/bursahavalandirmabakim.com\/wp-content\/uploads\/2024\/10\/filtre-200x300.jpg 200w, https:\/\/bursahavalandirmabakim.com\/wp-content\/uploads\/2024\/10\/filtre-768x1152.jpg 768w, https:\/\/bursahavalandirmabakim.com\/wp-content\/uploads\/2024\/10\/filtre-1024x1536.jpg 1024w, https:\/\/bursahavalandirmabakim.com\/wp-content\/uploads\/2024\/10\/filtre.jpg 1080w\" sizes=\"(max-width: 683px) 100vw, 683px\" \/>\t\t\t\t\t\t\t\t\t\t\t\t\t\t\t<\/div>\n\t\t\t\t<\/div>\n\t\t\t\t<\/div>\n\t\t\t\t\t<\/div>\n\t\t\t\t<\/div>\n\t\t\t\t<\/div>","protected":false},"excerpt":{"rendered":"<p>F\u0130LTRE DE\u011e\u0130\u015e\u0130M\u0130 End\u00fcstriyel Havaland\u0131rma Sistemlerinde Filtre De\u011fi\u015fimi ve Bak\u0131m\u0131 Filtrasyon sistemi, end\u00fcstriyel havaland\u0131rman\u0131n en kritik bile\u015fenlerinden biridir. D\u00fczenli filtre de\u011fi\u015fimi, sistem performans\u0131n\u0131 ve hava kalitesini do\u011frudan etkiler. Filtre De\u011fi\u015fim Hizmetlerimiz: Filtre durumu analiziUygun filtre se\u00e7imiProfesyonel filtre de\u011fi\u015fimiFiltre performans testleriFiltre \u00f6m\u00fcr takibi Filtre \u00c7e\u015fitleri ve Kullan\u0131m Alanlar\u0131:\u2022 Torba filtreler\u2022 Hepa filtreler\u2022 Karbon filtreler\u2022 Panel filtreler\u2022 Ya\u011f [&hellip;]<\/p>\n","protected":false},"author":1,"featured_media":0,"parent":0,"menu_order":0,"comment_status":"closed","ping_status":"closed","template":"","meta":{"footnotes":""},"class_list":["post-1204","page","type-page","status-publish","hentry"],"blocksy_meta":[],"_links":{"self":[{"href":"https:\/\/bursahavalandirmabakim.com\/en\/wp-json\/wp\/v2\/pages\/1204","targetHints":{"allow":["GET"]}}],"collection":[{"href":"https:\/\/bursahavalandirmabakim.com\/en\/wp-json\/wp\/v2\/pages"}],"about":[{"href":"https:\/\/bursahavalandirmabakim.com\/en\/wp-json\/wp\/v2\/types\/page"}],"author":[{"embeddable":true,"href":"https:\/\/bursahavalandirmabakim.com\/en\/wp-json\/wp\/v2\/users\/1"}],"replies":[{"embeddable":true,"href":"https:\/\/bursahavalandirmabakim.com\/en\/wp-json\/wp\/v2\/comments?post=1204"}],"version-history":[{"count":7,"href":"https:\/\/bursahavalandirmabakim.com\/en\/wp-json\/wp\/v2\/pages\/1204\/revisions"}],"predecessor-version":[{"id":1524,"href":"https:\/\/bursahavalandirmabakim.com\/en\/wp-json\/wp\/v2\/pages\/1204\/revisions\/1524"}],"wp:attachment":[{"href":"https:\/\/bursahavalandirmabakim.com\/en\/wp-json\/wp\/v2\/media?parent=1204"}],"curies":[{"name":"wp","href":"https:\/\/api.w.org\/{rel}","templated":true}]}}