{"id":1212,"date":"2024-10-26T02:38:55","date_gmt":"2024-10-26T02:38:55","guid":{"rendered":"https:\/\/bursahavalandirmabakim.com\/?page_id=1212"},"modified":"2024-11-06T07:54:43","modified_gmt":"2024-11-06T07:54:43","slug":"fan-kayis-kasnak-degisimi","status":"publish","type":"page","link":"https:\/\/bursahavalandirmabakim.com\/en\/fan-kayis-kasnak-degisimi\/","title":{"rendered":"Fan Belt Pulley Replacement"},"content":{"rendered":"<div data-elementor-type=\"wp-page\" data-elementor-id=\"1212\" class=\"elementor elementor-1212\">\n\t\t\t\t<div class=\"elementor-element elementor-element-92d50ea e-flex e-con-boxed e-con e-parent\" data-id=\"92d50ea\" data-element_type=\"container\" data-e-type=\"container\">\n\t\t\t\t\t<div class=\"e-con-inner\">\n\t\t<div class=\"elementor-element elementor-element-daaa8bf e-con-full e-flex e-con e-child\" data-id=\"daaa8bf\" data-element_type=\"container\" data-e-type=\"container\">\n\t\t\t\t<div class=\"elementor-element elementor-element-7e8dd76 elementor-widget elementor-widget-text-editor\" data-id=\"7e8dd76\" data-element_type=\"widget\" data-e-type=\"widget\" data-widget_type=\"text-editor.default\">\n\t\t\t\t<div class=\"elementor-widget-container\">\n\t\t\t\t\t\t\t\t\t<p><strong>FAN BELT PULLEY REPLACEMENT<\/strong><\/p><p>Belt Pulley Maintenance and Replacement in Industrial Ventilation Systems<\/p><p>Belt-pulley systems play a critical role in the efficient operation of ventilation systems. Our professional team offers expert maintenance and replacement services for all belt and pulley types.<\/p><p><strong>Belt and Pulley Services:<\/strong><\/p><p>Belt tension control<br \/>Pulley balance control<br \/>Wear analysis<br \/>Professional exchange service<br \/>Pulley alignment<br \/>Vibration analysis<\/p><p><strong>Advantages We Offer:<\/strong><br \/>- Increase in energy efficiency<br \/>- Extended system lifetime<br \/>- Reduction in noise level<br \/>- Reduced operating costs<br \/>- Minimization of failure risks<\/p>\t\t\t\t\t\t\t\t<\/div>\n\t\t\t\t<\/div>\n\t\t\t\t<\/div>\n\t\t<div class=\"elementor-element elementor-element-f41d737 e-con-full e-flex e-con e-child\" data-id=\"f41d737\" data-element_type=\"container\" data-e-type=\"container\">\n\t\t\t\t<div class=\"elementor-element elementor-element-f1c77af elementor-widget elementor-widget-image\" data-id=\"f1c77af\" data-element_type=\"widget\" data-e-type=\"widget\" data-widget_type=\"image.default\">\n\t\t\t\t<div class=\"elementor-widget-container\">\n\t\t\t\t\t\t\t\t\t\t\t\t\t\t\t<img fetchpriority=\"high\" decoding=\"async\" width=\"683\" height=\"1024\" src=\"https:\/\/bursahavalandirmabakim.com\/wp-content\/uploads\/2024\/10\/14277602-683x1024.jpg\" class=\"attachment-large size-large wp-image-1214\" alt=\"\" srcset=\"https:\/\/bursahavalandirmabakim.com\/wp-content\/uploads\/2024\/10\/14277602-683x1024.jpg 683w, https:\/\/bursahavalandirmabakim.com\/wp-content\/uploads\/2024\/10\/14277602-200x300.jpg 200w, https:\/\/bursahavalandirmabakim.com\/wp-content\/uploads\/2024\/10\/14277602-768x1152.jpg 768w, https:\/\/bursahavalandirmabakim.com\/wp-content\/uploads\/2024\/10\/14277602-1024x1536.jpg 1024w, https:\/\/bursahavalandirmabakim.com\/wp-content\/uploads\/2024\/10\/14277602-1365x2048.jpg 1365w, https:\/\/bursahavalandirmabakim.com\/wp-content\/uploads\/2024\/10\/14277602-scaled.jpg 1706w\" sizes=\"(max-width: 683px) 100vw, 683px\" \/>\t\t\t\t\t\t\t\t\t\t\t\t\t\t\t<\/div>\n\t\t\t\t<\/div>\n\t\t\t\t<\/div>\n\t\t\t\t\t<\/div>\n\t\t\t\t<\/div>\n\t\t\t\t<\/div>","protected":false},"excerpt":{"rendered":"<p>FAN KAYI\u015e KASNAK DE\u011e\u0130\u015e\u0130M\u0130 End\u00fcstriyel Havaland\u0131rma Sistemlerinde Kay\u0131\u015f Kasnak Bak\u0131m\u0131 ve De\u011fi\u015fimi Havaland\u0131rma sistemlerinin verimli \u00e7al\u0131\u015fmas\u0131nda kay\u0131\u015f-kasnak sistemleri kritik rol oynar. Profesyonel ekibimiz, t\u00fcm kay\u0131\u015f ve kasnak tiplerinde uzman bak\u0131m ve de\u011fi\u015fim hizmeti sunar. Kay\u0131\u015f-Kasnak Hizmetlerimiz: Kay\u0131\u015f gerginlik kontrol\u00fcKasnak balans kontrol\u00fcA\u015f\u0131nma analiziProfesyonel de\u011fi\u015fim hizmetiKasnak hizalamaTitre\u015fim analizi Sundu\u011fumuz Avantajlar:\u2022 Enerji verimlili\u011finde art\u0131\u015f\u2022 Sistem \u00f6mr\u00fcnde uzama\u2022 G\u00fcr\u00fclt\u00fc [&hellip;]<\/p>\n","protected":false},"author":1,"featured_media":0,"parent":0,"menu_order":0,"comment_status":"closed","ping_status":"closed","template":"","meta":{"footnotes":""},"class_list":["post-1212","page","type-page","status-publish","hentry"],"blocksy_meta":[],"_links":{"self":[{"href":"https:\/\/bursahavalandirmabakim.com\/en\/wp-json\/wp\/v2\/pages\/1212","targetHints":{"allow":["GET"]}}],"collection":[{"href":"https:\/\/bursahavalandirmabakim.com\/en\/wp-json\/wp\/v2\/pages"}],"about":[{"href":"https:\/\/bursahavalandirmabakim.com\/en\/wp-json\/wp\/v2\/types\/page"}],"author":[{"embeddable":true,"href":"https:\/\/bursahavalandirmabakim.com\/en\/wp-json\/wp\/v2\/users\/1"}],"replies":[{"embeddable":true,"href":"https:\/\/bursahavalandirmabakim.com\/en\/wp-json\/wp\/v2\/comments?post=1212"}],"version-history":[{"count":8,"href":"https:\/\/bursahavalandirmabakim.com\/en\/wp-json\/wp\/v2\/pages\/1212\/revisions"}],"predecessor-version":[{"id":1431,"href":"https:\/\/bursahavalandirmabakim.com\/en\/wp-json\/wp\/v2\/pages\/1212\/revisions\/1431"}],"wp:attachment":[{"href":"https:\/\/bursahavalandirmabakim.com\/en\/wp-json\/wp\/v2\/media?parent=1212"}],"curies":[{"name":"wp","href":"https:\/\/api.w.org\/{rel}","templated":true}]}}