{"id":1219,"date":"2024-10-26T08:48:30","date_gmt":"2024-10-26T08:48:30","guid":{"rendered":"https:\/\/bursahavalandirmabakim.com\/?page_id=1219"},"modified":"2024-10-26T08:52:48","modified_gmt":"2024-10-26T08:52:48","slug":"elektrik-motoru-kontrolu","status":"publish","type":"page","link":"https:\/\/bursahavalandirmabakim.com\/en\/elektrik-motoru-kontrolu\/","title":{"rendered":"Electric Motor Control"},"content":{"rendered":"<div data-elementor-type=\"wp-page\" data-elementor-id=\"1219\" class=\"elementor elementor-1219\">\n\t\t\t\t<div class=\"elementor-element elementor-element-7a9ef32 e-flex e-con-boxed e-con e-parent\" data-id=\"7a9ef32\" data-element_type=\"container\" data-e-type=\"container\">\n\t\t\t\t\t<div class=\"e-con-inner\">\n\t\t\t\t<div class=\"elementor-element elementor-element-4af07ae elementor-widget elementor-widget-heading\" data-id=\"4af07ae\" data-element_type=\"widget\" data-e-type=\"widget\" data-widget_type=\"heading.default\">\n\t\t\t\t<div class=\"elementor-widget-container\">\n\t\t\t\t\t<h1 class=\"elementor-heading-title elementor-size-default\">Electric Motor Control<\/h1>\t\t\t\t<\/div>\n\t\t\t\t<\/div>\n\t\t\t\t\t<\/div>\n\t\t\t\t<\/div>\n\t\t<div class=\"elementor-element elementor-element-5a41e97 e-flex e-con-boxed e-con e-parent\" data-id=\"5a41e97\" data-element_type=\"container\" data-e-type=\"container\">\n\t\t\t\t\t<div class=\"e-con-inner\">\n\t\t<div class=\"elementor-element elementor-element-256a089 e-con-full e-flex e-con e-child\" data-id=\"256a089\" data-element_type=\"container\" data-e-type=\"container\">\n\t\t\t\t<div class=\"elementor-element elementor-element-5b6b3ed elementor-widget elementor-widget-text-editor\" data-id=\"5b6b3ed\" data-element_type=\"widget\" data-e-type=\"widget\" data-widget_type=\"text-editor.default\">\n\t\t\t\t<div class=\"elementor-widget-container\">\n\t\t\t\t\t\t\t\t\t<p>Professional Inspection and Maintenance of Industrial Fan Motors<\/p><p>Electric motors are the heart of ventilation systems. With regular inspection and maintenance, we optimize the performance and lifetime of the motors.<\/p><p><strong>Engine Control Services:<\/strong><\/p><p>Electrical measurements<br \/>Insulation resistance check<br \/>Bearing control<br \/>Winding control<br \/>Warming analysis<br \/>Power consumption measurement<\/p><p><strong>Our Engine Maintenance Process:<\/strong><\/p><p>Detailed situation analysis<br \/>Control with thermal camera<br \/>Lubrication processes<br \/>Electrical connection check<br \/>Performance tests<br \/>Maintenance report preparation<\/p>\t\t\t\t\t\t\t\t<\/div>\n\t\t\t\t<\/div>\n\t\t\t\t<\/div>\n\t\t<div class=\"elementor-element elementor-element-43a99c7 e-con-full e-flex e-con e-child\" data-id=\"43a99c7\" data-element_type=\"container\" data-e-type=\"container\">\n\t\t\t\t<div class=\"elementor-element elementor-element-2ac7da6 elementor-widget elementor-widget-image\" data-id=\"2ac7da6\" data-element_type=\"widget\" data-e-type=\"widget\" data-widget_type=\"image.default\">\n\t\t\t\t<div class=\"elementor-widget-container\">\n\t\t\t\t\t\t\t\t\t\t\t\t\t\t\t<img fetchpriority=\"high\" decoding=\"async\" width=\"683\" height=\"1024\" src=\"https:\/\/bursahavalandirmabakim.com\/wp-content\/uploads\/2024\/10\/18328333-683x1024.jpg\" class=\"attachment-large size-large wp-image-1222\" alt=\"\" srcset=\"https:\/\/bursahavalandirmabakim.com\/wp-content\/uploads\/2024\/10\/18328333-683x1024.jpg 683w, https:\/\/bursahavalandirmabakim.com\/wp-content\/uploads\/2024\/10\/18328333-200x300.jpg 200w, https:\/\/bursahavalandirmabakim.com\/wp-content\/uploads\/2024\/10\/18328333-768x1152.jpg 768w, https:\/\/bursahavalandirmabakim.com\/wp-content\/uploads\/2024\/10\/18328333-1024x1536.jpg 1024w, https:\/\/bursahavalandirmabakim.com\/wp-content\/uploads\/2024\/10\/18328333.jpg 1080w\" sizes=\"(max-width: 683px) 100vw, 683px\" \/>\t\t\t\t\t\t\t\t\t\t\t\t\t\t\t<\/div>\n\t\t\t\t<\/div>\n\t\t\t\t<\/div>\n\t\t\t\t\t<\/div>\n\t\t\t\t<\/div>\n\t\t\t\t<\/div>","protected":false},"excerpt":{"rendered":"<p>Elektrik Motoru Kontrol\u00fc End\u00fcstriyel Fan Motorlar\u0131n\u0131n Profesyonel Kontrol\u00fc ve Bak\u0131m\u0131 Elektrik motorlar\u0131, havaland\u0131rma sistemlerinin kalbi niteli\u011findedir. D\u00fczenli kontrol ve bak\u0131m ile motorlar\u0131n performans\u0131n\u0131 ve \u00f6mr\u00fcn\u00fc optimize ediyoruz. Motor Kontrol Hizmetlerimiz: Elektriksel \u00f6l\u00e7\u00fcmlerYal\u0131t\u0131m direnci kontrol\u00fcRulman kontrol\u00fcSarg\u0131 kontrol\u00fcIs\u0131nma analiziG\u00fc\u00e7 t\u00fcketimi \u00f6l\u00e7\u00fcm\u00fc Motor Bak\u0131m S\u00fcrecimiz: Detayl\u0131 durum analiziTermal kamera ile kontrolYa\u011flama i\u015flemleriElektriksel ba\u011flant\u0131 kontrol\u00fcPerformans testleriBak\u0131m raporu haz\u0131rlama<\/p>","protected":false},"author":1,"featured_media":0,"parent":0,"menu_order":0,"comment_status":"closed","ping_status":"closed","template":"","meta":{"footnotes":""},"class_list":["post-1219","page","type-page","status-publish","hentry"],"blocksy_meta":[],"_links":{"self":[{"href":"https:\/\/bursahavalandirmabakim.com\/en\/wp-json\/wp\/v2\/pages\/1219","targetHints":{"allow":["GET"]}}],"collection":[{"href":"https:\/\/bursahavalandirmabakim.com\/en\/wp-json\/wp\/v2\/pages"}],"about":[{"href":"https:\/\/bursahavalandirmabakim.com\/en\/wp-json\/wp\/v2\/types\/page"}],"author":[{"embeddable":true,"href":"https:\/\/bursahavalandirmabakim.com\/en\/wp-json\/wp\/v2\/users\/1"}],"replies":[{"embeddable":true,"href":"https:\/\/bursahavalandirmabakim.com\/en\/wp-json\/wp\/v2\/comments?post=1219"}],"version-history":[{"count":4,"href":"https:\/\/bursahavalandirmabakim.com\/en\/wp-json\/wp\/v2\/pages\/1219\/revisions"}],"predecessor-version":[{"id":1225,"href":"https:\/\/bursahavalandirmabakim.com\/en\/wp-json\/wp\/v2\/pages\/1219\/revisions\/1225"}],"wp:attachment":[{"href":"https:\/\/bursahavalandirmabakim.com\/en\/wp-json\/wp\/v2\/media?parent=1219"}],"curies":[{"name":"wp","href":"https:\/\/api.w.org\/{rel}","templated":true}]}}