{"id":1260,"date":"2024-10-26T10:31:38","date_gmt":"2024-10-26T10:31:38","guid":{"rendered":"https:\/\/bursahavalandirmabakim.com\/?page_id=1260"},"modified":"2024-10-26T10:36:26","modified_gmt":"2024-10-26T10:36:26","slug":"vibrasyon-ve-balans-olcumu","status":"publish","type":"page","link":"https:\/\/bursahavalandirmabakim.com\/en\/vibrasyon-ve-balans-olcumu\/","title":{"rendered":"Vibration and Balance Measurement"},"content":{"rendered":"<div data-elementor-type=\"wp-page\" data-elementor-id=\"1260\" class=\"elementor elementor-1260\">\n\t\t\t\t<div class=\"elementor-element elementor-element-389b7c5 e-flex e-con-boxed e-con e-parent\" data-id=\"389b7c5\" data-element_type=\"container\" data-e-type=\"container\">\n\t\t\t\t\t<div class=\"e-con-inner\">\n\t\t\t\t<div class=\"elementor-element elementor-element-7851d5a elementor-widget elementor-widget-heading\" data-id=\"7851d5a\" data-element_type=\"widget\" data-e-type=\"widget\" data-widget_type=\"heading.default\">\n\t\t\t\t<div class=\"elementor-widget-container\">\n\t\t\t\t\t<h2 class=\"elementor-heading-title elementor-size-default\">Vibration and Balance Measurement<\/h2>\t\t\t\t<\/div>\n\t\t\t\t<\/div>\n\t\t\t\t\t<\/div>\n\t\t\t\t<\/div>\n\t\t<div class=\"elementor-element elementor-element-f040e19 e-flex e-con-boxed e-con e-parent\" data-id=\"f040e19\" data-element_type=\"container\" data-e-type=\"container\">\n\t\t\t\t\t<div class=\"e-con-inner\">\n\t\t<div class=\"elementor-element elementor-element-03466b8 e-con-full e-flex e-con e-child\" data-id=\"03466b8\" data-element_type=\"container\" data-e-type=\"container\">\n\t\t\t\t<div class=\"elementor-element elementor-element-e80e691 elementor-widget elementor-widget-text-editor\" data-id=\"e80e691\" data-element_type=\"widget\" data-e-type=\"widget\" data-widget_type=\"text-editor.default\">\n\t\t\t\t<div class=\"elementor-widget-container\">\n\t\t\t\t\t\t\t\t\t<p>Precise Vibration Analysis and Balancing<\/p><p>With our state-of-the-art measuring devices, we detect vibrations in your system and make the necessary balance adjustments.<\/p><p><strong>Vibration and Balancing Services:<\/strong><\/p><p>Vibration measurement<br \/>Spectrum analysis<br \/>Dynamic balancing<br \/>Bearing analysis<br \/>Structural resonance testing<br \/>Periodic follow-up<\/p>\t\t\t\t\t\t\t\t<\/div>\n\t\t\t\t<\/div>\n\t\t\t\t<\/div>\n\t\t<div class=\"elementor-element elementor-element-163469c e-con-full e-flex e-con e-child\" data-id=\"163469c\" data-element_type=\"container\" data-e-type=\"container\">\n\t\t\t\t<div class=\"elementor-element elementor-element-2b1d5b0 elementor-widget elementor-widget-image\" data-id=\"2b1d5b0\" data-element_type=\"widget\" data-e-type=\"widget\" data-widget_type=\"image.default\">\n\t\t\t\t<div class=\"elementor-widget-container\">\n\t\t\t\t\t\t\t\t\t\t\t\t\t\t\t<img fetchpriority=\"high\" decoding=\"async\" width=\"683\" height=\"1024\" src=\"https:\/\/bursahavalandirmabakim.com\/wp-content\/uploads\/2024\/10\/mechanic-683x1024.jpg\" class=\"attachment-large size-large wp-image-1263\" alt=\"\" srcset=\"https:\/\/bursahavalandirmabakim.com\/wp-content\/uploads\/2024\/10\/mechanic-683x1024.jpg 683w, https:\/\/bursahavalandirmabakim.com\/wp-content\/uploads\/2024\/10\/mechanic-200x300.jpg 200w, https:\/\/bursahavalandirmabakim.com\/wp-content\/uploads\/2024\/10\/mechanic-768x1152.jpg 768w, https:\/\/bursahavalandirmabakim.com\/wp-content\/uploads\/2024\/10\/mechanic-1024x1536.jpg 1024w, https:\/\/bursahavalandirmabakim.com\/wp-content\/uploads\/2024\/10\/mechanic.jpg 1080w\" sizes=\"(max-width: 683px) 100vw, 683px\" \/>\t\t\t\t\t\t\t\t\t\t\t\t\t\t\t<\/div>\n\t\t\t\t<\/div>\n\t\t\t\t<\/div>\n\t\t\t\t\t<\/div>\n\t\t\t\t<\/div>\n\t\t\t\t<\/div>","protected":false},"excerpt":{"rendered":"<p>Vibrasyon ve Balans \u00d6l\u00e7\u00fcm\u00fc Hassas Vibrasyon Analizi ve Balans Ayar\u0131 En son teknoloji \u00f6l\u00e7\u00fcm cihazlar\u0131m\u0131zla, sisteminizdeki titre\u015fimleri tespit ediyor ve gerekli balans ayarlar\u0131n\u0131 yap\u0131yoruz. Vibrasyon ve Balans Hizmetlerimiz: Titre\u015fim \u00f6l\u00e7\u00fcm\u00fcSpektrum analiziDinamik balans ayar\u0131Rulman analiziYap\u0131sal rezonans testiPeriyodik takip<\/p>","protected":false},"author":1,"featured_media":0,"parent":0,"menu_order":0,"comment_status":"closed","ping_status":"closed","template":"","meta":{"footnotes":""},"class_list":["post-1260","page","type-page","status-publish","hentry"],"blocksy_meta":[],"_links":{"self":[{"href":"https:\/\/bursahavalandirmabakim.com\/en\/wp-json\/wp\/v2\/pages\/1260","targetHints":{"allow":["GET"]}}],"collection":[{"href":"https:\/\/bursahavalandirmabakim.com\/en\/wp-json\/wp\/v2\/pages"}],"about":[{"href":"https:\/\/bursahavalandirmabakim.com\/en\/wp-json\/wp\/v2\/types\/page"}],"author":[{"embeddable":true,"href":"https:\/\/bursahavalandirmabakim.com\/en\/wp-json\/wp\/v2\/users\/1"}],"replies":[{"embeddable":true,"href":"https:\/\/bursahavalandirmabakim.com\/en\/wp-json\/wp\/v2\/comments?post=1260"}],"version-history":[{"count":4,"href":"https:\/\/bursahavalandirmabakim.com\/en\/wp-json\/wp\/v2\/pages\/1260\/revisions"}],"predecessor-version":[{"id":1266,"href":"https:\/\/bursahavalandirmabakim.com\/en\/wp-json\/wp\/v2\/pages\/1260\/revisions\/1266"}],"wp:attachment":[{"href":"https:\/\/bursahavalandirmabakim.com\/en\/wp-json\/wp\/v2\/media?parent=1260"}],"curies":[{"name":"wp","href":"https:\/\/api.w.org\/{rel}","templated":true}]}}