{"id":1432,"date":"2024-11-06T08:02:44","date_gmt":"2024-11-06T08:02:44","guid":{"rendered":"https:\/\/bursahavalandirmabakim.com\/?page_id=1432"},"modified":"2024-11-06T08:06:31","modified_gmt":"2024-11-06T08:06:31","slug":"havalandirma-hatlarinin-yenilenmesi","status":"publish","type":"page","link":"https:\/\/bursahavalandirmabakim.com\/en\/havalandirma-hatlarinin-yenilenmesi\/","title":{"rendered":"Renovation of Ventilation Lines"},"content":{"rendered":"<div data-elementor-type=\"wp-page\" data-elementor-id=\"1432\" class=\"elementor elementor-1432\">\n\t\t\t\t<div class=\"elementor-element elementor-element-05aec3c e-flex e-con-boxed e-con e-parent\" data-id=\"05aec3c\" data-element_type=\"container\" data-e-type=\"container\">\n\t\t\t\t\t<div class=\"e-con-inner\">\n\t\t<div class=\"elementor-element elementor-element-40e6b71 e-con-full e-flex e-con e-child\" data-id=\"40e6b71\" data-element_type=\"container\" data-e-type=\"container\">\n\t\t\t\t<div class=\"elementor-element elementor-element-1b72242 elementor-widget elementor-widget-text-editor\" data-id=\"1b72242\" data-element_type=\"widget\" data-e-type=\"widget\" data-widget_type=\"text-editor.default\">\n\t\t\t\t<div class=\"elementor-widget-container\">\n\t\t\t\t\t\t\t\t\t<p><strong>NEW VENTILATION LINES<\/strong><\/p><p>Ventilation Lines Renovation Services in Industrial Plants<\/p><p>Renovation of ventilation lines is critical for system efficiency and the quality of the working environment. As Bursa Ventilation Maintenance, we offer professional line renewal services.<\/p><p><strong>Within the scope of our Renewal Services:<\/strong><\/p><p>Condition analysis of existing lines<br \/>Control of duct systems<br \/>Tightness tests<br \/>Isolation control<br \/>Renewal of fasteners<br \/>Channel cross-section optimization<\/p><p><strong>Our Renewal Process:<\/strong><\/p><p>Preliminary Review and Planning<br \/>Current system analysis<br \/>Needs assessment<br \/>Technical drawing and project design<br \/>Cost analysis<br \/>Implementation Phase<br \/>Dismantling of old lines<br \/>New line installation<br \/>Insulation application<br \/>Tightness tests<br \/>Control and Testing<br \/>System performance tests<br \/>Air flow measurements<br \/>Final checks<\/p>\t\t\t\t\t\t\t\t<\/div>\n\t\t\t\t<\/div>\n\t\t\t\t<\/div>\n\t\t<div class=\"elementor-element elementor-element-abfa47d e-con-full e-flex e-con e-child\" data-id=\"abfa47d\" data-element_type=\"container\" data-e-type=\"container\">\n\t\t\t\t<div class=\"elementor-element elementor-element-b492833 elementor-widget elementor-widget-image\" data-id=\"b492833\" data-element_type=\"widget\" data-e-type=\"widget\" data-widget_type=\"image.default\">\n\t\t\t\t<div class=\"elementor-widget-container\">\n\t\t\t\t\t\t\t\t\t\t\t\t\t\t\t<img fetchpriority=\"high\" decoding=\"async\" width=\"683\" height=\"1024\" src=\"https:\/\/bursahavalandirmabakim.com\/wp-content\/uploads\/2024\/10\/12658691-683x1024.jpg\" class=\"attachment-large size-large wp-image-1240\" alt=\"\" srcset=\"https:\/\/bursahavalandirmabakim.com\/wp-content\/uploads\/2024\/10\/12658691-683x1024.jpg 683w, https:\/\/bursahavalandirmabakim.com\/wp-content\/uploads\/2024\/10\/12658691-200x300.jpg 200w, https:\/\/bursahavalandirmabakim.com\/wp-content\/uploads\/2024\/10\/12658691-768x1152.jpg 768w, https:\/\/bursahavalandirmabakim.com\/wp-content\/uploads\/2024\/10\/12658691-1024x1536.jpg 1024w, https:\/\/bursahavalandirmabakim.com\/wp-content\/uploads\/2024\/10\/12658691.jpg 1080w\" sizes=\"(max-width: 683px) 100vw, 683px\" \/>\t\t\t\t\t\t\t\t\t\t\t\t\t\t\t<\/div>\n\t\t\t\t<\/div>\n\t\t\t\t<\/div>\n\t\t\t\t\t<\/div>\n\t\t\t\t<\/div>\n\t\t\t\t<\/div>","protected":false},"excerpt":{"rendered":"<p>HAVALANDIRMA HATLARININ YEN\u0130LENMES\u0130 End\u00fcstriyel Tesislerde Havaland\u0131rma Hatlar\u0131 Yenileme Hizmetleri Havaland\u0131rma hatlar\u0131n\u0131n yenilenmesi, sistem verimlili\u011fi ve \u00e7al\u0131\u015fma ortam\u0131n\u0131n kalitesi a\u00e7\u0131s\u0131ndan kritik \u00f6neme sahiptir. Bursa Havaland\u0131rma Bak\u0131m olarak, profesyonel hat yenileme hizmetleri sunuyoruz. Yenileme Hizmetlerimiz Kapsam\u0131nda: Mevcut hatlar\u0131n durum analiziKanal sistemlerinin kontrol\u00fcS\u0131zd\u0131rmazl\u0131k testleri\u0130zolasyon kontrol\u00fcBa\u011flant\u0131 elemanlar\u0131n\u0131n yenilenmesiKanal kesit optimizasyonu Yenileme S\u00fcrecimiz: \u00d6n \u0130nceleme ve PlanlamaMevcut sistem analizi\u0130htiya\u00e7 tespitiTeknik [&hellip;]<\/p>\n","protected":false},"author":1,"featured_media":0,"parent":0,"menu_order":0,"comment_status":"closed","ping_status":"closed","template":"","meta":{"footnotes":""},"class_list":["post-1432","page","type-page","status-publish","hentry"],"blocksy_meta":[],"_links":{"self":[{"href":"https:\/\/bursahavalandirmabakim.com\/en\/wp-json\/wp\/v2\/pages\/1432","targetHints":{"allow":["GET"]}}],"collection":[{"href":"https:\/\/bursahavalandirmabakim.com\/en\/wp-json\/wp\/v2\/pages"}],"about":[{"href":"https:\/\/bursahavalandirmabakim.com\/en\/wp-json\/wp\/v2\/types\/page"}],"author":[{"embeddable":true,"href":"https:\/\/bursahavalandirmabakim.com\/en\/wp-json\/wp\/v2\/users\/1"}],"replies":[{"embeddable":true,"href":"https:\/\/bursahavalandirmabakim.com\/en\/wp-json\/wp\/v2\/comments?post=1432"}],"version-history":[{"count":4,"href":"https:\/\/bursahavalandirmabakim.com\/en\/wp-json\/wp\/v2\/pages\/1432\/revisions"}],"predecessor-version":[{"id":1437,"href":"https:\/\/bursahavalandirmabakim.com\/en\/wp-json\/wp\/v2\/pages\/1432\/revisions\/1437"}],"wp:attachment":[{"href":"https:\/\/bursahavalandirmabakim.com\/en\/wp-json\/wp\/v2\/media?parent=1432"}],"curies":[{"name":"wp","href":"https:\/\/api.w.org\/{rel}","templated":true}]}}