{"id":1439,"date":"2024-11-06T08:07:44","date_gmt":"2024-11-06T08:07:44","guid":{"rendered":"https:\/\/bursahavalandirmabakim.com\/?page_id=1439"},"modified":"2024-11-06T08:14:18","modified_gmt":"2024-11-06T08:14:18","slug":"fan-balans-alimi","status":"publish","type":"page","link":"https:\/\/bursahavalandirmabakim.com\/en\/fan-balans-alimi\/","title":{"rendered":"Fan Balancing"},"content":{"rendered":"<div data-elementor-type=\"wp-page\" data-elementor-id=\"1439\" class=\"elementor elementor-1439\">\n\t\t\t\t<div class=\"elementor-element elementor-element-3e2550e e-flex e-con-boxed e-con e-parent\" data-id=\"3e2550e\" data-element_type=\"container\" data-e-type=\"container\">\n\t\t\t\t\t<div class=\"e-con-inner\">\n\t\t<div class=\"elementor-element elementor-element-70c62e9 e-con-full e-flex e-con e-child\" data-id=\"70c62e9\" data-element_type=\"container\" data-e-type=\"container\">\n\t\t\t\t<div class=\"elementor-element elementor-element-6aee69e elementor-widget elementor-widget-text-editor\" data-id=\"6aee69e\" data-element_type=\"widget\" data-e-type=\"widget\" data-widget_type=\"text-editor.default\">\n\t\t\t\t<div class=\"elementor-widget-container\">\n\t\t\t\t\t\t\t\t\t<p><strong>FAN BALANCING<\/strong><\/p><p>Professional Fan Balancing and Optimization<\/p><p>Balanced operation of fan systems is vital for energy efficiency and system life. We offer precise measurement and adjustment services with our modern balancing equipment.<\/p><p><strong>Our Balancing Services:<br \/><\/strong>Dynamic balance measurement<br \/>Static balance control<br \/>Vibration analysis<br \/>Bearing control<br \/>Shaft control<br \/>Coupling settings<\/p><p><strong>Our Balancing Procedure:<br \/><\/strong>- Initial measurement and evaluation<br \/>- Identification of problem points<br \/>- Calculation of balance weights<br \/>- Precise balance adjustment<br \/>- Control measurements<br \/>- Performance verification<\/p>\t\t\t\t\t\t\t\t<\/div>\n\t\t\t\t<\/div>\n\t\t\t\t<\/div>\n\t\t<div class=\"elementor-element elementor-element-8f2ad38 e-con-full e-flex e-con e-child\" data-id=\"8f2ad38\" data-element_type=\"container\" data-e-type=\"container\">\n\t\t\t\t<div class=\"elementor-element elementor-element-29be8e9 elementor-widget elementor-widget-image\" data-id=\"29be8e9\" data-element_type=\"widget\" data-e-type=\"widget\" data-widget_type=\"image.default\">\n\t\t\t\t<div class=\"elementor-widget-container\">\n\t\t\t\t\t\t\t\t\t\t\t\t\t\t\t<img fetchpriority=\"high\" decoding=\"async\" width=\"683\" height=\"1024\" src=\"https:\/\/bursahavalandirmabakim.com\/wp-content\/uploads\/2024\/11\/fan-balans-683x1024.jpg\" class=\"attachment-large size-large wp-image-1442\" alt=\"\" srcset=\"https:\/\/bursahavalandirmabakim.com\/wp-content\/uploads\/2024\/11\/fan-balans-683x1024.jpg 683w, https:\/\/bursahavalandirmabakim.com\/wp-content\/uploads\/2024\/11\/fan-balans-200x300.jpg 200w, https:\/\/bursahavalandirmabakim.com\/wp-content\/uploads\/2024\/11\/fan-balans-768x1152.jpg 768w, https:\/\/bursahavalandirmabakim.com\/wp-content\/uploads\/2024\/11\/fan-balans-1024x1536.jpg 1024w, https:\/\/bursahavalandirmabakim.com\/wp-content\/uploads\/2024\/11\/fan-balans-8x12.jpg 8w, https:\/\/bursahavalandirmabakim.com\/wp-content\/uploads\/2024\/11\/fan-balans.jpg 1080w\" sizes=\"(max-width: 683px) 100vw, 683px\" \/>\t\t\t\t\t\t\t\t\t\t\t\t\t\t\t<\/div>\n\t\t\t\t<\/div>\n\t\t\t\t<\/div>\n\t\t\t\t\t<\/div>\n\t\t\t\t<\/div>\n\t\t\t\t<\/div>","protected":false},"excerpt":{"rendered":"<p>FAN BALANS ALIMI Profesyonel Fan Balans Ayar\u0131 ve Optimizasyon Fan sistemlerinin dengeli \u00e7al\u0131\u015fmas\u0131, enerji verimlili\u011fi ve sistem \u00f6mr\u00fc a\u00e7\u0131s\u0131ndan hayati \u00f6nem ta\u015f\u0131r. Modern balans alma ekipmanlar\u0131m\u0131zla hassas \u00f6l\u00e7\u00fcm ve ayar hizmetleri sunuyoruz. Balans Alma Hizmetlerimiz:Dinamik balans \u00f6l\u00e7\u00fcm\u00fcStatik balans kontrol\u00fcTitre\u015fim analiziRulman kontrol\u00fc\u015eaft kontrol\u00fcKaplin ayarlar\u0131 Balans Alma Prosed\u00fcr\u00fcm\u00fcz:\u2022 \u0130lk \u00f6l\u00e7\u00fcm ve de\u011ferlendirme\u2022 Problem noktalar\u0131n\u0131n tespiti\u2022 Balans a\u011f\u0131rl\u0131klar\u0131n\u0131n [&hellip;]<\/p>\n","protected":false},"author":1,"featured_media":0,"parent":0,"menu_order":0,"comment_status":"closed","ping_status":"closed","template":"","meta":{"footnotes":""},"class_list":["post-1439","page","type-page","status-publish","hentry"],"blocksy_meta":[],"_links":{"self":[{"href":"https:\/\/bursahavalandirmabakim.com\/en\/wp-json\/wp\/v2\/pages\/1439","targetHints":{"allow":["GET"]}}],"collection":[{"href":"https:\/\/bursahavalandirmabakim.com\/en\/wp-json\/wp\/v2\/pages"}],"about":[{"href":"https:\/\/bursahavalandirmabakim.com\/en\/wp-json\/wp\/v2\/types\/page"}],"author":[{"embeddable":true,"href":"https:\/\/bursahavalandirmabakim.com\/en\/wp-json\/wp\/v2\/users\/1"}],"replies":[{"embeddable":true,"href":"https:\/\/bursahavalandirmabakim.com\/en\/wp-json\/wp\/v2\/comments?post=1439"}],"version-history":[{"count":4,"href":"https:\/\/bursahavalandirmabakim.com\/en\/wp-json\/wp\/v2\/pages\/1439\/revisions"}],"predecessor-version":[{"id":1445,"href":"https:\/\/bursahavalandirmabakim.com\/en\/wp-json\/wp\/v2\/pages\/1439\/revisions\/1445"}],"wp:attachment":[{"href":"https:\/\/bursahavalandirmabakim.com\/en\/wp-json\/wp\/v2\/media?parent=1439"}],"curies":[{"name":"wp","href":"https:\/\/api.w.org\/{rel}","templated":true}]}}