{"id":1447,"date":"2024-11-06T08:16:03","date_gmt":"2024-11-06T08:16:03","guid":{"rendered":"https:\/\/bursahavalandirmabakim.com\/?page_id=1447"},"modified":"2024-11-06T08:18:51","modified_gmt":"2024-11-06T08:18:51","slug":"elektrik-baglanti-ekipmanlari-kontrol-ve-yenileme","status":"publish","type":"page","link":"https:\/\/bursahavalandirmabakim.com\/en\/elektrik-baglanti-ekipmanlari-kontrol-ve-yenileme\/","title":{"rendered":"Electrical Connection Equipment Control and Renewal"},"content":{"rendered":"<div data-elementor-type=\"wp-page\" data-elementor-id=\"1447\" class=\"elementor elementor-1447\">\n\t\t\t\t<div class=\"elementor-element elementor-element-305bd4d e-flex e-con-boxed e-con e-parent\" data-id=\"305bd4d\" data-element_type=\"container\" data-e-type=\"container\">\n\t\t\t\t\t<div class=\"e-con-inner\">\n\t\t<div class=\"elementor-element elementor-element-1b2ff85 e-con-full e-flex e-con e-child\" data-id=\"1b2ff85\" data-element_type=\"container\" data-e-type=\"container\">\n\t\t\t\t<div class=\"elementor-element elementor-element-872aa8b elementor-widget elementor-widget-text-editor\" data-id=\"872aa8b\" data-element_type=\"widget\" data-e-type=\"widget\" data-widget_type=\"text-editor.default\">\n\t\t\t\t<div class=\"elementor-widget-container\">\n\t\t\t\t\t\t\t\t\t<p><strong>ELECTRICAL CONNECTION ELEMENTS CONTROL AND RENEWAL<\/strong><\/p><p>Professional Control for Safe and Efficient Electrical Systems<\/p><p>Regular inspection and renewal of electrical connectors is essential for system safety and performance.<\/p><p><strong>Control and Renewal Services:<\/strong><\/p><p>Checking cable connections<br \/>Terminal box control<br \/>Fuse and switch control<br \/>Grounding control<br \/>Insulation resistance measurement<br \/>Thermographic measurements<\/p><p><strong>Scope of Renewal:<\/strong><br \/>- Replacement of obsolete cables<br \/>- Renewal of terminal connections<br \/>- Modernization of protection elements<br \/>- Renovation of cable ducts<br \/>- Labeling and documentation<\/p>\t\t\t\t\t\t\t\t<\/div>\n\t\t\t\t<\/div>\n\t\t\t\t<\/div>\n\t\t<div class=\"elementor-element elementor-element-3450023 e-con-full e-flex e-con e-child\" data-id=\"3450023\" data-element_type=\"container\" data-e-type=\"container\">\n\t\t\t\t<div class=\"elementor-element elementor-element-a7faa85 elementor-widget elementor-widget-image\" data-id=\"a7faa85\" data-element_type=\"widget\" data-e-type=\"widget\" data-widget_type=\"image.default\">\n\t\t\t\t<div class=\"elementor-widget-container\">\n\t\t\t\t\t\t\t\t\t\t\t\t\t\t\t<img fetchpriority=\"high\" decoding=\"async\" width=\"683\" height=\"1024\" src=\"https:\/\/bursahavalandirmabakim.com\/wp-content\/uploads\/2024\/11\/elektrik-baglanti-ekipmanlari-683x1024.jpg\" class=\"attachment-large size-large wp-image-1450\" alt=\"\" srcset=\"https:\/\/bursahavalandirmabakim.com\/wp-content\/uploads\/2024\/11\/elektrik-baglanti-ekipmanlari-683x1024.jpg 683w, https:\/\/bursahavalandirmabakim.com\/wp-content\/uploads\/2024\/11\/elektrik-baglanti-ekipmanlari-200x300.jpg 200w, https:\/\/bursahavalandirmabakim.com\/wp-content\/uploads\/2024\/11\/elektrik-baglanti-ekipmanlari-8x12.jpg 8w, https:\/\/bursahavalandirmabakim.com\/wp-content\/uploads\/2024\/11\/elektrik-baglanti-ekipmanlari.jpg 740w\" sizes=\"(max-width: 683px) 100vw, 683px\" \/>\t\t\t\t\t\t\t\t\t\t\t\t\t\t\t<\/div>\n\t\t\t\t<\/div>\n\t\t\t\t<\/div>\n\t\t\t\t\t<\/div>\n\t\t\t\t<\/div>\n\t\t\t\t<\/div>","protected":false},"excerpt":{"rendered":"<p>ELEKTR\u0130K BA\u011eLANTI ELEMANLARI KONTROL VE YEN\u0130LEME G\u00fcvenli ve Verimli Elektrik Sistemleri i\u00e7in Profesyonel Kontrol Elektrik ba\u011flant\u0131 elemanlar\u0131n\u0131n d\u00fczenli kontrol\u00fc ve yenilenmesi, sistem g\u00fcvenli\u011fi ve performans\u0131 i\u00e7in vazge\u00e7ilmezdir. Kontrol ve Yenileme Hizmetlerimiz: Kablo ba\u011flant\u0131lar\u0131 kontrol\u00fcTerminal kutusu kontrol\u00fcSigorta ve \u015falter kontrol\u00fcTopraklama kontrol\u00fc\u0130zolasyon direnci \u00f6l\u00e7\u00fcm\u00fcTermografik \u00f6l\u00e7\u00fcmler Yenileme Kapsam\u0131:\u2022 Eskimi\u015f kablolar\u0131n de\u011fi\u015fimi\u2022 Terminal ba\u011flant\u0131lar\u0131n\u0131n yenilenmesi\u2022 Koruma elemanlar\u0131n\u0131n modernizasyonu\u2022 Kablo [&hellip;]<\/p>\n","protected":false},"author":1,"featured_media":0,"parent":0,"menu_order":0,"comment_status":"closed","ping_status":"closed","template":"","meta":{"footnotes":""},"class_list":["post-1447","page","type-page","status-publish","hentry"],"blocksy_meta":[],"_links":{"self":[{"href":"https:\/\/bursahavalandirmabakim.com\/en\/wp-json\/wp\/v2\/pages\/1447","targetHints":{"allow":["GET"]}}],"collection":[{"href":"https:\/\/bursahavalandirmabakim.com\/en\/wp-json\/wp\/v2\/pages"}],"about":[{"href":"https:\/\/bursahavalandirmabakim.com\/en\/wp-json\/wp\/v2\/types\/page"}],"author":[{"embeddable":true,"href":"https:\/\/bursahavalandirmabakim.com\/en\/wp-json\/wp\/v2\/users\/1"}],"replies":[{"embeddable":true,"href":"https:\/\/bursahavalandirmabakim.com\/en\/wp-json\/wp\/v2\/comments?post=1447"}],"version-history":[{"count":4,"href":"https:\/\/bursahavalandirmabakim.com\/en\/wp-json\/wp\/v2\/pages\/1447\/revisions"}],"predecessor-version":[{"id":1453,"href":"https:\/\/bursahavalandirmabakim.com\/en\/wp-json\/wp\/v2\/pages\/1447\/revisions\/1453"}],"wp:attachment":[{"href":"https:\/\/bursahavalandirmabakim.com\/en\/wp-json\/wp\/v2\/media?parent=1447"}],"curies":[{"name":"wp","href":"https:\/\/api.w.org\/{rel}","templated":true}]}}