{"id":1455,"date":"2024-11-06T08:19:58","date_gmt":"2024-11-06T08:19:58","guid":{"rendered":"https:\/\/bursahavalandirmabakim.com\/?page_id=1455"},"modified":"2024-11-06T08:26:44","modified_gmt":"2024-11-06T08:26:44","slug":"akrobat-kol-bakim-ve-yenileme","status":"publish","type":"page","link":"https:\/\/bursahavalandirmabakim.com\/en\/akrobat-kol-bakim-ve-yenileme\/","title":{"rendered":"Acrobat Arm Maintenance and Renewal"},"content":{"rendered":"<div data-elementor-type=\"wp-page\" data-elementor-id=\"1455\" class=\"elementor elementor-1455\">\n\t\t\t\t<div class=\"elementor-element elementor-element-21b7fe7 e-flex e-con-boxed e-con e-parent\" data-id=\"21b7fe7\" data-element_type=\"container\" data-e-type=\"container\">\n\t\t\t\t\t<div class=\"e-con-inner\">\n\t\t<div class=\"elementor-element elementor-element-580a1e7 e-con-full e-flex e-con e-child\" data-id=\"580a1e7\" data-element_type=\"container\" data-e-type=\"container\">\n\t\t\t\t<div class=\"elementor-element elementor-element-aac3c3f elementor-widget elementor-widget-text-editor\" data-id=\"aac3c3f\" data-element_type=\"widget\" data-e-type=\"widget\" data-widget_type=\"text-editor.default\">\n\t\t\t\t<div class=\"elementor-widget-container\">\n\t\t\t\t\t\t\t\t\t<p><strong>ACROBAT ARM CARE AND MAINTENANCE<\/strong><\/p><p>Professional Maintenance of Industrial Acrobat Arms<\/p><p>Acrobat arms are an important part of local ventilation systems. We ensure the effective operation of the system with regular maintenance and renewal when necessary.<\/p><p><strong>Maintenance and Renewal Services:<\/strong><\/p><p>Joint control<br \/>Bearing control<br \/>Brake system maintenance<br \/>Flex pipe control<br \/>Clamp and connection check<br \/>Balancing system adjustment<\/p><p><strong>Our Renewal Process:<\/strong><\/p><p>Situation assessment<br \/>Part control<br \/>Detection of worn parts<br \/>Renewal plan<br \/>Application<br \/>Test and adjustment<\/p>\t\t\t\t\t\t\t\t<\/div>\n\t\t\t\t<\/div>\n\t\t\t\t<\/div>\n\t\t<div class=\"elementor-element elementor-element-08f3c0e e-con-full e-flex e-con e-child\" data-id=\"08f3c0e\" data-element_type=\"container\" data-e-type=\"container\">\n\t\t\t\t<div class=\"elementor-element elementor-element-f22d771 elementor-widget elementor-widget-image\" data-id=\"f22d771\" data-element_type=\"widget\" data-e-type=\"widget\" data-widget_type=\"image.default\">\n\t\t\t\t<div class=\"elementor-widget-container\">\n\t\t\t\t\t\t\t\t\t\t\t\t\t\t\t<img fetchpriority=\"high\" decoding=\"async\" width=\"683\" height=\"1024\" src=\"https:\/\/bursahavalandirmabakim.com\/wp-content\/uploads\/2024\/11\/acrobat-kol-683x1024.jpg\" class=\"attachment-large size-large wp-image-1458\" alt=\"\" srcset=\"https:\/\/bursahavalandirmabakim.com\/wp-content\/uploads\/2024\/11\/acrobat-kol-683x1024.jpg 683w, https:\/\/bursahavalandirmabakim.com\/wp-content\/uploads\/2024\/11\/acrobat-kol-200x300.jpg 200w, https:\/\/bursahavalandirmabakim.com\/wp-content\/uploads\/2024\/11\/acrobat-kol-8x12.jpg 8w, https:\/\/bursahavalandirmabakim.com\/wp-content\/uploads\/2024\/11\/acrobat-kol.jpg 740w\" sizes=\"(max-width: 683px) 100vw, 683px\" \/>\t\t\t\t\t\t\t\t\t\t\t\t\t\t\t<\/div>\n\t\t\t\t<\/div>\n\t\t\t\t<\/div>\n\t\t\t\t\t<\/div>\n\t\t\t\t<\/div>\n\t\t\t\t<\/div>","protected":false},"excerpt":{"rendered":"<p>AKROBAT KOL BAKIM VE YEN\u0130LEME End\u00fcstriyel Akrobat Kollar\u0131n Profesyonel Bak\u0131m\u0131 Akrobat kollar, lokal havaland\u0131rma sistemlerinin \u00f6nemli bir par\u00e7as\u0131d\u0131r. D\u00fczenli bak\u0131m ve gerekti\u011finde yenileme ile sistemin etkin \u00e7al\u0131\u015fmas\u0131n\u0131 sa\u011fl\u0131yoruz. Bak\u0131m ve Yenileme Hizmetlerimiz: Mafsal kontrol\u00fcYataklama kontrol\u00fcFren sistemi bak\u0131m\u0131Flex boru kontrol\u00fcKelep\u00e7e ve ba\u011flant\u0131 kontrol\u00fcDengeleme sistemi ayar\u0131 Yenileme S\u00fcrecimiz: Durum de\u011ferlendirmesiPar\u00e7a kontrol\u00fcA\u015f\u0131nm\u0131\u015f par\u00e7alar\u0131n tespitiYenileme plan\u0131UygulamaTest ve ayar<\/p>","protected":false},"author":1,"featured_media":0,"parent":0,"menu_order":0,"comment_status":"closed","ping_status":"closed","template":"","meta":{"footnotes":""},"class_list":["post-1455","page","type-page","status-publish","hentry"],"blocksy_meta":[],"_links":{"self":[{"href":"https:\/\/bursahavalandirmabakim.com\/en\/wp-json\/wp\/v2\/pages\/1455","targetHints":{"allow":["GET"]}}],"collection":[{"href":"https:\/\/bursahavalandirmabakim.com\/en\/wp-json\/wp\/v2\/pages"}],"about":[{"href":"https:\/\/bursahavalandirmabakim.com\/en\/wp-json\/wp\/v2\/types\/page"}],"author":[{"embeddable":true,"href":"https:\/\/bursahavalandirmabakim.com\/en\/wp-json\/wp\/v2\/users\/1"}],"replies":[{"embeddable":true,"href":"https:\/\/bursahavalandirmabakim.com\/en\/wp-json\/wp\/v2\/comments?post=1455"}],"version-history":[{"count":4,"href":"https:\/\/bursahavalandirmabakim.com\/en\/wp-json\/wp\/v2\/pages\/1455\/revisions"}],"predecessor-version":[{"id":1461,"href":"https:\/\/bursahavalandirmabakim.com\/en\/wp-json\/wp\/v2\/pages\/1455\/revisions\/1461"}],"wp:attachment":[{"href":"https:\/\/bursahavalandirmabakim.com\/en\/wp-json\/wp\/v2\/media?parent=1455"}],"curies":[{"name":"wp","href":"https:\/\/api.w.org\/{rel}","templated":true}]}}