{"id":1463,"date":"2024-11-06T08:47:56","date_gmt":"2024-11-06T08:47:56","guid":{"rendered":"https:\/\/bursahavalandirmabakim.com\/?page_id=1463"},"modified":"2024-11-06T08:49:28","modified_gmt":"2024-11-06T08:49:28","slug":"cihaz-secimi-ve-kontrolu","status":"publish","type":"page","link":"https:\/\/bursahavalandirmabakim.com\/en\/cihaz-secimi-ve-kontrolu\/","title":{"rendered":"Device Selection and Control"},"content":{"rendered":"<div data-elementor-type=\"wp-page\" data-elementor-id=\"1463\" class=\"elementor elementor-1463\">\n\t\t\t\t<div class=\"elementor-element elementor-element-7896981 e-flex e-con-boxed e-con e-parent\" data-id=\"7896981\" data-element_type=\"container\" data-e-type=\"container\">\n\t\t\t\t\t<div class=\"e-con-inner\">\n\t\t<div class=\"elementor-element elementor-element-cd5867d e-con-full e-flex e-con e-child\" data-id=\"cd5867d\" data-element_type=\"container\" data-e-type=\"container\">\n\t\t\t\t<div class=\"elementor-element elementor-element-41be8e3 elementor-widget elementor-widget-text-editor\" data-id=\"41be8e3\" data-element_type=\"widget\" data-e-type=\"widget\" data-widget_type=\"text-editor.default\">\n\t\t\t\t<div class=\"elementor-widget-container\">\n\t\t\t\t\t\t\t\t\t<p><strong>DEVICE SELECTION AND CONTROL<\/strong><\/p><p>Professional Consulting for Industrial Ventilation Equipment<\/p><p>We provide expert support in the selection of the most suitable devices for your business needs and the control of existing devices.<\/p><p><strong>Device Selection Services:<br \/><\/strong>Needs analysis<br \/>Capacity calculation<br \/>Technical specification<br \/>Brand\/model recommendation<br \/>Cost analysis<br \/>Energy efficiency assessment<\/p><p><strong>Device Control Services:<\/strong><br \/>- The testiness of performance<br \/>- Productivity measurements<br \/>- Sound level measurement<br \/>- Energy consumption analysis<br \/>- Safety check<\/p>\t\t\t\t\t\t\t\t<\/div>\n\t\t\t\t<\/div>\n\t\t\t\t<\/div>\n\t\t<div class=\"elementor-element elementor-element-7fd5b39 e-con-full e-flex e-con e-child\" data-id=\"7fd5b39\" data-element_type=\"container\" data-e-type=\"container\">\n\t\t\t\t<div class=\"elementor-element elementor-element-5a0a6d6 elementor-widget elementor-widget-image\" data-id=\"5a0a6d6\" data-element_type=\"widget\" data-e-type=\"widget\" data-widget_type=\"image.default\">\n\t\t\t\t<div class=\"elementor-widget-container\">\n\t\t\t\t\t\t\t\t\t\t\t\t\t\t\t<img fetchpriority=\"high\" decoding=\"async\" width=\"683\" height=\"1024\" src=\"https:\/\/bursahavalandirmabakim.com\/wp-content\/uploads\/2024\/10\/5816298-683x1024.jpg\" class=\"attachment-large size-large wp-image-1247\" alt=\"\" srcset=\"https:\/\/bursahavalandirmabakim.com\/wp-content\/uploads\/2024\/10\/5816298-683x1024.jpg 683w, https:\/\/bursahavalandirmabakim.com\/wp-content\/uploads\/2024\/10\/5816298-200x300.jpg 200w, https:\/\/bursahavalandirmabakim.com\/wp-content\/uploads\/2024\/10\/5816298-768x1152.jpg 768w, https:\/\/bursahavalandirmabakim.com\/wp-content\/uploads\/2024\/10\/5816298-1024x1536.jpg 1024w, https:\/\/bursahavalandirmabakim.com\/wp-content\/uploads\/2024\/10\/5816298.jpg 1080w\" sizes=\"(max-width: 683px) 100vw, 683px\" \/>\t\t\t\t\t\t\t\t\t\t\t\t\t\t\t<\/div>\n\t\t\t\t<\/div>\n\t\t\t\t<\/div>\n\t\t\t\t\t<\/div>\n\t\t\t\t<\/div>\n\t\t\t\t<\/div>","protected":false},"excerpt":{"rendered":"<p>C\u0130HAZ SE\u00c7\u0130M\u0130 VE KONTROL\u00dc End\u00fcstriyel Havaland\u0131rma Cihazlar\u0131 i\u00e7in Profesyonel Dan\u0131\u015fmanl\u0131k \u0130\u015fletmenizin ihtiya\u00e7lar\u0131na en uygun cihazlar\u0131n se\u00e7imi ve mevcut cihazlar\u0131n kontrol\u00fc konusunda uzman deste\u011fi sa\u011fl\u0131yoruz. Cihaz Se\u00e7imi Hizmetlerimiz:\u0130htiya\u00e7 analiziKapasite hesaplamas\u0131Teknik \u00f6zellik belirlemeMarka\/model \u00f6nerisiMaliyet analiziEnerji verimlili\u011fi de\u011ferlendirmesi Cihaz Kontrol Hizmetlerimiz:\u2022 Performans testleri\u2022 Verimlilik \u00f6l\u00e7\u00fcmleri\u2022 Ses seviyesi \u00f6l\u00e7\u00fcm\u00fc\u2022 Enerji t\u00fcketim analizi\u2022 G\u00fcvenlik kontrol\u00fc<\/p>","protected":false},"author":1,"featured_media":0,"parent":0,"menu_order":0,"comment_status":"closed","ping_status":"closed","template":"","meta":{"footnotes":""},"class_list":["post-1463","page","type-page","status-publish","hentry"],"blocksy_meta":[],"_links":{"self":[{"href":"https:\/\/bursahavalandirmabakim.com\/en\/wp-json\/wp\/v2\/pages\/1463","targetHints":{"allow":["GET"]}}],"collection":[{"href":"https:\/\/bursahavalandirmabakim.com\/en\/wp-json\/wp\/v2\/pages"}],"about":[{"href":"https:\/\/bursahavalandirmabakim.com\/en\/wp-json\/wp\/v2\/types\/page"}],"author":[{"embeddable":true,"href":"https:\/\/bursahavalandirmabakim.com\/en\/wp-json\/wp\/v2\/users\/1"}],"replies":[{"embeddable":true,"href":"https:\/\/bursahavalandirmabakim.com\/en\/wp-json\/wp\/v2\/comments?post=1463"}],"version-history":[{"count":4,"href":"https:\/\/bursahavalandirmabakim.com\/en\/wp-json\/wp\/v2\/pages\/1463\/revisions"}],"predecessor-version":[{"id":1467,"href":"https:\/\/bursahavalandirmabakim.com\/en\/wp-json\/wp\/v2\/pages\/1463\/revisions\/1467"}],"wp:attachment":[{"href":"https:\/\/bursahavalandirmabakim.com\/en\/wp-json\/wp\/v2\/media?parent=1463"}],"curies":[{"name":"wp","href":"https:\/\/api.w.org\/{rel}","templated":true}]}}