{"id":1469,"date":"2024-11-06T08:51:07","date_gmt":"2024-11-06T08:51:07","guid":{"rendered":"https:\/\/bursahavalandirmabakim.com\/?page_id=1469"},"modified":"2024-11-06T08:52:15","modified_gmt":"2024-11-06T08:52:15","slug":"havalandirma-hatti-debi-basinc-kaybi-kontrolu-ve-olcumu","status":"publish","type":"page","link":"https:\/\/bursahavalandirmabakim.com\/en\/havalandirma-hatti-debi-basinc-kaybi-kontrolu-ve-olcumu\/","title":{"rendered":"Ventilation Line Flow Pressure Loss Control and Measurement"},"content":{"rendered":"<div data-elementor-type=\"wp-page\" data-elementor-id=\"1469\" class=\"elementor elementor-1469\">\n\t\t\t\t<div class=\"elementor-element elementor-element-54866e4 e-flex e-con-boxed e-con e-parent\" data-id=\"54866e4\" data-element_type=\"container\" data-e-type=\"container\">\n\t\t\t\t\t<div class=\"e-con-inner\">\n\t\t<div class=\"elementor-element elementor-element-b9c845f e-con-full e-flex e-con e-child\" data-id=\"b9c845f\" data-element_type=\"container\" data-e-type=\"container\">\n\t\t\t\t<div class=\"elementor-element elementor-element-d65544c elementor-widget elementor-widget-text-editor\" data-id=\"d65544c\" data-element_type=\"widget\" data-e-type=\"widget\" data-widget_type=\"text-editor.default\">\n\t\t\t\t<div class=\"elementor-widget-container\">\n\t\t\t\t\t\t\t\t\t<p><strong>VENTILATION LINE FLOW RATE PRESSURE LOSS CONTROL AND MEASUREMENT<\/strong><\/p><p>Precision Measurement and Analysis Services<\/p><p>We precisely measure and analyze the flow and pressure losses of your ventilation lines with our modern measuring devices.<\/p><p><strong>Our Measurement Services:<\/strong><\/p><p>Air flow measurement<br \/>Static pressure measurement<br \/>Dynamic pressure measurement<br \/>Line loss calculation<br \/>System curve extraction<br \/>Optimization recommendations<\/p><p><strong>Our Measurement Methodology:<\/strong><\/p><p>Determination of measurement points<br \/>Calibration check<br \/>Making measurements<br \/>Data analysis<br \/>Reporting<br \/>Suggestions for improvement<\/p>\t\t\t\t\t\t\t\t<\/div>\n\t\t\t\t<\/div>\n\t\t\t\t<\/div>\n\t\t<div class=\"elementor-element elementor-element-ed23c80 e-con-full e-flex e-con e-child\" data-id=\"ed23c80\" data-element_type=\"container\" data-e-type=\"container\">\n\t\t\t\t<div class=\"elementor-element elementor-element-22fd574 elementor-widget elementor-widget-image\" data-id=\"22fd574\" data-element_type=\"widget\" data-e-type=\"widget\" data-widget_type=\"image.default\">\n\t\t\t\t<div class=\"elementor-widget-container\">\n\t\t\t\t\t\t\t\t\t\t\t\t\t\t\t<img fetchpriority=\"high\" decoding=\"async\" width=\"683\" height=\"1024\" src=\"https:\/\/bursahavalandirmabakim.com\/wp-content\/uploads\/2024\/10\/12658691-683x1024.jpg\" class=\"attachment-large size-large wp-image-1240\" alt=\"\" srcset=\"https:\/\/bursahavalandirmabakim.com\/wp-content\/uploads\/2024\/10\/12658691-683x1024.jpg 683w, https:\/\/bursahavalandirmabakim.com\/wp-content\/uploads\/2024\/10\/12658691-200x300.jpg 200w, https:\/\/bursahavalandirmabakim.com\/wp-content\/uploads\/2024\/10\/12658691-768x1152.jpg 768w, https:\/\/bursahavalandirmabakim.com\/wp-content\/uploads\/2024\/10\/12658691-1024x1536.jpg 1024w, https:\/\/bursahavalandirmabakim.com\/wp-content\/uploads\/2024\/10\/12658691.jpg 1080w\" sizes=\"(max-width: 683px) 100vw, 683px\" \/>\t\t\t\t\t\t\t\t\t\t\t\t\t\t\t<\/div>\n\t\t\t\t<\/div>\n\t\t\t\t<\/div>\n\t\t\t\t\t<\/div>\n\t\t\t\t<\/div>\n\t\t\t\t<\/div>","protected":false},"excerpt":{"rendered":"<p>HAVALANDIRMA HATTI DEB\u0130 BASIN\u00c7 KAYBI KONTROL\u00dc VE \u00d6L\u00c7\u00dcM\u00dc Hassas \u00d6l\u00e7\u00fcm ve Analiz Hizmetleri Modern \u00f6l\u00e7\u00fcm cihazlar\u0131m\u0131zla havaland\u0131rma hatlar\u0131n\u0131z\u0131n debi ve bas\u0131n\u00e7 kay\u0131plar\u0131n\u0131 hassas \u015fekilde \u00f6l\u00e7\u00fcyor ve analiz ediyoruz. \u00d6l\u00e7\u00fcm Hizmetlerimiz: Hava debisi \u00f6l\u00e7\u00fcm\u00fcStatik bas\u0131n\u00e7 \u00f6l\u00e7\u00fcm\u00fcDinamik bas\u0131n\u00e7 \u00f6l\u00e7\u00fcm\u00fcHat kay\u0131p hesaplamas\u0131Sistem e\u011frisi \u00e7\u0131karmaOptimizasyon \u00f6nerileri \u00d6l\u00e7\u00fcm Metodolojimiz: \u00d6l\u00e7\u00fcm noktalar\u0131n\u0131n belirlenmesiKalibrasyon kontrol\u00fc\u00d6l\u00e7\u00fcmlerin yap\u0131lmas\u0131Veri analiziRaporlama\u0130yile\u015ftirme \u00f6nerileri<\/p>","protected":false},"author":1,"featured_media":0,"parent":0,"menu_order":0,"comment_status":"closed","ping_status":"closed","template":"","meta":{"footnotes":""},"class_list":["post-1469","page","type-page","status-publish","hentry"],"blocksy_meta":[],"_links":{"self":[{"href":"https:\/\/bursahavalandirmabakim.com\/en\/wp-json\/wp\/v2\/pages\/1469","targetHints":{"allow":["GET"]}}],"collection":[{"href":"https:\/\/bursahavalandirmabakim.com\/en\/wp-json\/wp\/v2\/pages"}],"about":[{"href":"https:\/\/bursahavalandirmabakim.com\/en\/wp-json\/wp\/v2\/types\/page"}],"author":[{"embeddable":true,"href":"https:\/\/bursahavalandirmabakim.com\/en\/wp-json\/wp\/v2\/users\/1"}],"replies":[{"embeddable":true,"href":"https:\/\/bursahavalandirmabakim.com\/en\/wp-json\/wp\/v2\/comments?post=1469"}],"version-history":[{"count":4,"href":"https:\/\/bursahavalandirmabakim.com\/en\/wp-json\/wp\/v2\/pages\/1469\/revisions"}],"predecessor-version":[{"id":1473,"href":"https:\/\/bursahavalandirmabakim.com\/en\/wp-json\/wp\/v2\/pages\/1469\/revisions\/1473"}],"wp:attachment":[{"href":"https:\/\/bursahavalandirmabakim.com\/en\/wp-json\/wp\/v2\/media?parent=1469"}],"curies":[{"name":"wp","href":"https:\/\/api.w.org\/{rel}","templated":true}]}}