{"id":1475,"date":"2024-11-06T08:53:38","date_gmt":"2024-11-06T08:53:38","guid":{"rendered":"https:\/\/bursahavalandirmabakim.com\/?page_id=1475"},"modified":"2024-11-06T08:54:47","modified_gmt":"2024-11-06T08:54:47","slug":"fan-elektrik-baglantilari-kontrolu","status":"publish","type":"page","link":"https:\/\/bursahavalandirmabakim.com\/en\/fan-elektrik-baglantilari-kontrolu\/","title":{"rendered":"Fan Electrical Connections Check"},"content":{"rendered":"<div data-elementor-type=\"wp-page\" data-elementor-id=\"1475\" class=\"elementor elementor-1475\">\n\t\t\t\t<div class=\"elementor-element elementor-element-b45d156 e-flex e-con-boxed e-con e-parent\" data-id=\"b45d156\" data-element_type=\"container\" data-e-type=\"container\">\n\t\t\t\t\t<div class=\"e-con-inner\">\n\t\t<div class=\"elementor-element elementor-element-3993123 e-con-full e-flex e-con e-child\" data-id=\"3993123\" data-element_type=\"container\" data-e-type=\"container\">\n\t\t\t\t<div class=\"elementor-element elementor-element-a431a94 elementor-widget elementor-widget-text-editor\" data-id=\"a431a94\" data-element_type=\"widget\" data-e-type=\"widget\" data-widget_type=\"text-editor.default\">\n\t\t\t\t<div class=\"elementor-widget-container\">\n\t\t\t\t\t\t\t\t\t<p><strong>FAN ELECTRICAL CONNECTIONS CHECK<\/strong><\/p><p>Electrical Control for Safe and Efficient Fan Systems<\/p><p>Regular checking of the electrical connections of fan systems is critical for safety and performance.<\/p><p><strong>Our Control Services:<br \/><\/strong>Motor connection control<br \/>Control panel control<br \/>Cable control<br \/>Grounding measurement<br \/>Thermographic control<br \/>Insulation resistance measurement<\/p><p><strong>Advantages of Regular Check-ups:<\/strong><br \/>- Reduced risk of failure<br \/>- Prevention of energy losses<br \/>Extended system lifetime<br \/>- Increased job security<\/p>\t\t\t\t\t\t\t\t<\/div>\n\t\t\t\t<\/div>\n\t\t\t\t<\/div>\n\t\t<div class=\"elementor-element elementor-element-213fc35 e-con-full e-flex e-con e-child\" data-id=\"213fc35\" data-element_type=\"container\" data-e-type=\"container\">\n\t\t\t\t<div class=\"elementor-element elementor-element-4547950 elementor-widget elementor-widget-image\" data-id=\"4547950\" data-element_type=\"widget\" data-e-type=\"widget\" data-widget_type=\"image.default\">\n\t\t\t\t<div class=\"elementor-widget-container\">\n\t\t\t\t\t\t\t\t\t\t\t\t\t\t\t<img fetchpriority=\"high\" decoding=\"async\" width=\"683\" height=\"1024\" src=\"https:\/\/bursahavalandirmabakim.com\/wp-content\/uploads\/2024\/11\/elektrik-baglanti-ekipmanlari-683x1024.jpg\" class=\"attachment-large size-large wp-image-1450\" alt=\"\" srcset=\"https:\/\/bursahavalandirmabakim.com\/wp-content\/uploads\/2024\/11\/elektrik-baglanti-ekipmanlari-683x1024.jpg 683w, https:\/\/bursahavalandirmabakim.com\/wp-content\/uploads\/2024\/11\/elektrik-baglanti-ekipmanlari-200x300.jpg 200w, https:\/\/bursahavalandirmabakim.com\/wp-content\/uploads\/2024\/11\/elektrik-baglanti-ekipmanlari-8x12.jpg 8w, https:\/\/bursahavalandirmabakim.com\/wp-content\/uploads\/2024\/11\/elektrik-baglanti-ekipmanlari.jpg 740w\" sizes=\"(max-width: 683px) 100vw, 683px\" \/>\t\t\t\t\t\t\t\t\t\t\t\t\t\t\t<\/div>\n\t\t\t\t<\/div>\n\t\t\t\t<\/div>\n\t\t\t\t\t<\/div>\n\t\t\t\t<\/div>\n\t\t\t\t<\/div>","protected":false},"excerpt":{"rendered":"<p>FAN ELEKTR\u0130K BA\u011eLANTILARI KONTROL\u00dc G\u00fcvenli ve Verimli Fan Sistemleri i\u00e7in Elektrik Kontrol\u00fc Fan sistemlerinin elektrik ba\u011flant\u0131lar\u0131n\u0131n d\u00fczenli kontrol\u00fc, g\u00fcvenlik ve performans a\u00e7\u0131s\u0131ndan kritik \u00f6neme sahiptir. Kontrol Hizmetlerimiz:Motor ba\u011flant\u0131 kontrol\u00fcKumanda panosu kontrol\u00fcKablo kontrol\u00fcTopraklama \u00f6l\u00e7\u00fcm\u00fcTermografik kontrolYal\u0131t\u0131m direnci \u00f6l\u00e7\u00fcm\u00fc D\u00fczenli Kontrol Avantajlar\u0131:\u2022 Ar\u0131za riskinin azalmas\u0131\u2022 Enerji kay\u0131plar\u0131n\u0131n \u00f6nlenmesi\u2022 Sistem \u00f6mr\u00fcn\u00fcn uzamas\u0131\u2022 \u0130\u015f g\u00fcvenli\u011finin artmas\u0131<\/p>","protected":false},"author":1,"featured_media":0,"parent":0,"menu_order":0,"comment_status":"closed","ping_status":"closed","template":"","meta":{"footnotes":""},"class_list":["post-1475","page","type-page","status-publish","hentry"],"blocksy_meta":[],"_links":{"self":[{"href":"https:\/\/bursahavalandirmabakim.com\/en\/wp-json\/wp\/v2\/pages\/1475","targetHints":{"allow":["GET"]}}],"collection":[{"href":"https:\/\/bursahavalandirmabakim.com\/en\/wp-json\/wp\/v2\/pages"}],"about":[{"href":"https:\/\/bursahavalandirmabakim.com\/en\/wp-json\/wp\/v2\/types\/page"}],"author":[{"embeddable":true,"href":"https:\/\/bursahavalandirmabakim.com\/en\/wp-json\/wp\/v2\/users\/1"}],"replies":[{"embeddable":true,"href":"https:\/\/bursahavalandirmabakim.com\/en\/wp-json\/wp\/v2\/comments?post=1475"}],"version-history":[{"count":4,"href":"https:\/\/bursahavalandirmabakim.com\/en\/wp-json\/wp\/v2\/pages\/1475\/revisions"}],"predecessor-version":[{"id":1479,"href":"https:\/\/bursahavalandirmabakim.com\/en\/wp-json\/wp\/v2\/pages\/1475\/revisions\/1479"}],"wp:attachment":[{"href":"https:\/\/bursahavalandirmabakim.com\/en\/wp-json\/wp\/v2\/media?parent=1475"}],"curies":[{"name":"wp","href":"https:\/\/api.w.org\/{rel}","templated":true}]}}