{"id":1481,"date":"2024-11-06T08:56:18","date_gmt":"2024-11-06T08:56:18","guid":{"rendered":"https:\/\/bursahavalandirmabakim.com\/?page_id=1481"},"modified":"2024-11-06T08:57:29","modified_gmt":"2024-11-06T08:57:29","slug":"fan-verimlilik-kontrolu","status":"publish","type":"page","link":"https:\/\/bursahavalandirmabakim.com\/en\/fan-verimlilik-kontrolu\/","title":{"rendered":"Fan Efficiency Control"},"content":{"rendered":"<div data-elementor-type=\"wp-page\" data-elementor-id=\"1481\" class=\"elementor elementor-1481\">\n\t\t\t\t<div class=\"elementor-element elementor-element-91d6f8b e-flex e-con-boxed e-con e-parent\" data-id=\"91d6f8b\" data-element_type=\"container\" data-e-type=\"container\">\n\t\t\t\t\t<div class=\"e-con-inner\">\n\t\t<div class=\"elementor-element elementor-element-b316d44 e-con-full e-flex e-con e-child\" data-id=\"b316d44\" data-element_type=\"container\" data-e-type=\"container\">\n\t\t\t\t<div class=\"elementor-element elementor-element-5f0e542 elementor-widget elementor-widget-text-editor\" data-id=\"5f0e542\" data-element_type=\"widget\" data-e-type=\"widget\" data-widget_type=\"text-editor.default\">\n\t\t\t\t<div class=\"elementor-widget-container\">\n\t\t\t\t\t\t\t\t\t<p><strong>FAN EFFICIENCY CONTROL<\/strong><\/p><p>Efficiency Analysis and Optimization in Fan Systems<\/p><p>With our modern measuring devices and expert staff, we analyze the efficiency of your fan systems and ensure optimum working conditions.<\/p><p><strong>Productivity Control Services:<br \/><\/strong>Power consumption measurement<br \/>Flow measurement<br \/>Pressure measurement<br \/>Efficiency calculation<br \/>Performance analysis<br \/>Optimization recommendations<\/p><p><strong>Our Productivity Improvement Process:<\/strong><br \/>Current situation analysis<br \/>Measurement and testing<br \/>Data evaluation<br \/>Improvement plan<br \/>Application<br \/>Outcome evaluation<\/p>\t\t\t\t\t\t\t\t<\/div>\n\t\t\t\t<\/div>\n\t\t\t\t<\/div>\n\t\t<div class=\"elementor-element elementor-element-f199bfa e-con-full e-flex e-con e-child\" data-id=\"f199bfa\" data-element_type=\"container\" data-e-type=\"container\">\n\t\t\t\t<div class=\"elementor-element elementor-element-2d6840f elementor-widget elementor-widget-image\" data-id=\"2d6840f\" data-element_type=\"widget\" data-e-type=\"widget\" data-widget_type=\"image.default\">\n\t\t\t\t<div class=\"elementor-widget-container\">\n\t\t\t\t\t\t\t\t\t\t\t\t\t\t\t<img fetchpriority=\"high\" decoding=\"async\" width=\"683\" height=\"1024\" src=\"https:\/\/bursahavalandirmabakim.com\/wp-content\/uploads\/2024\/10\/5816298-683x1024.jpg\" class=\"attachment-large size-large wp-image-1247\" alt=\"\" srcset=\"https:\/\/bursahavalandirmabakim.com\/wp-content\/uploads\/2024\/10\/5816298-683x1024.jpg 683w, https:\/\/bursahavalandirmabakim.com\/wp-content\/uploads\/2024\/10\/5816298-200x300.jpg 200w, https:\/\/bursahavalandirmabakim.com\/wp-content\/uploads\/2024\/10\/5816298-768x1152.jpg 768w, https:\/\/bursahavalandirmabakim.com\/wp-content\/uploads\/2024\/10\/5816298-1024x1536.jpg 1024w, https:\/\/bursahavalandirmabakim.com\/wp-content\/uploads\/2024\/10\/5816298.jpg 1080w\" sizes=\"(max-width: 683px) 100vw, 683px\" \/>\t\t\t\t\t\t\t\t\t\t\t\t\t\t\t<\/div>\n\t\t\t\t<\/div>\n\t\t\t\t<\/div>\n\t\t\t\t\t<\/div>\n\t\t\t\t<\/div>\n\t\t\t\t<\/div>","protected":false},"excerpt":{"rendered":"<p>FAN VER\u0130ML\u0130L\u0130K KONTROL\u00dc Fan Sistemlerinde Verimlilik Analizi ve Optimizasyon Modern \u00f6l\u00e7\u00fcm cihazlar\u0131m\u0131z ve uzman kadromuzla fan sistemlerinizin verimlilik analizini yap\u0131yor, optimum \u00e7al\u0131\u015fma ko\u015fullar\u0131n\u0131 sa\u011fl\u0131yoruz. Verimlilik Kontrol Hizmetlerimiz:G\u00fc\u00e7 t\u00fcketimi \u00f6l\u00e7\u00fcm\u00fcDebi \u00f6l\u00e7\u00fcm\u00fcBas\u0131n\u00e7 \u00f6l\u00e7\u00fcm\u00fcVerimlilik hesaplamas\u0131Performans analiziOptimizasyon \u00f6nerileri Verimlilik \u0130yile\u015ftirme S\u00fcrecimiz:Mevcut durum analizi\u00d6l\u00e7\u00fcm ve testlerVeri de\u011ferlendirmesi\u0130yile\u015ftirme plan\u0131UygulamaSonu\u00e7 de\u011ferlendirmesi<\/p>","protected":false},"author":1,"featured_media":0,"parent":0,"menu_order":0,"comment_status":"closed","ping_status":"closed","template":"","meta":{"footnotes":""},"class_list":["post-1481","page","type-page","status-publish","hentry"],"blocksy_meta":[],"_links":{"self":[{"href":"https:\/\/bursahavalandirmabakim.com\/en\/wp-json\/wp\/v2\/pages\/1481","targetHints":{"allow":["GET"]}}],"collection":[{"href":"https:\/\/bursahavalandirmabakim.com\/en\/wp-json\/wp\/v2\/pages"}],"about":[{"href":"https:\/\/bursahavalandirmabakim.com\/en\/wp-json\/wp\/v2\/types\/page"}],"author":[{"embeddable":true,"href":"https:\/\/bursahavalandirmabakim.com\/en\/wp-json\/wp\/v2\/users\/1"}],"replies":[{"embeddable":true,"href":"https:\/\/bursahavalandirmabakim.com\/en\/wp-json\/wp\/v2\/comments?post=1481"}],"version-history":[{"count":4,"href":"https:\/\/bursahavalandirmabakim.com\/en\/wp-json\/wp\/v2\/pages\/1481\/revisions"}],"predecessor-version":[{"id":1485,"href":"https:\/\/bursahavalandirmabakim.com\/en\/wp-json\/wp\/v2\/pages\/1481\/revisions\/1485"}],"wp:attachment":[{"href":"https:\/\/bursahavalandirmabakim.com\/en\/wp-json\/wp\/v2\/media?parent=1481"}],"curies":[{"name":"wp","href":"https:\/\/api.w.org\/{rel}","templated":true}]}}