{"id":1559,"date":"2024-11-22T14:12:13","date_gmt":"2024-11-22T14:12:13","guid":{"rendered":"https:\/\/bursahavalandirmabakim.com\/?page_id=1559"},"modified":"2024-11-22T14:44:30","modified_gmt":"2024-11-22T14:44:30","slug":"klima-santrali-bakimi","status":"publish","type":"page","link":"https:\/\/bursahavalandirmabakim.com\/en\/klima-santrali-bakimi\/","title":{"rendered":"Air Handling Unit Maintenance"},"content":{"rendered":"<div data-elementor-type=\"wp-page\" data-elementor-id=\"1559\" class=\"elementor elementor-1559\">\n\t\t\t\t<div class=\"elementor-element elementor-element-5bc6504 e-flex e-con-boxed e-con e-parent\" data-id=\"5bc6504\" data-element_type=\"container\" data-e-type=\"container\">\n\t\t\t\t\t<div class=\"e-con-inner\">\n\t\t\t\t<div class=\"elementor-element elementor-element-09675a8 elementor-widget elementor-widget-heading\" data-id=\"09675a8\" data-element_type=\"widget\" data-e-type=\"widget\" data-widget_type=\"heading.default\">\n\t\t\t\t<div class=\"elementor-widget-container\">\n\t\t\t\t\t<h2 class=\"elementor-heading-title elementor-size-default\">Air Handling Unit Maintenance<\/h2>\t\t\t\t<\/div>\n\t\t\t\t<\/div>\n\t\t\t\t\t<\/div>\n\t\t\t\t<\/div>\n\t\t<div class=\"elementor-element elementor-element-16b211b e-flex e-con-boxed e-con e-parent\" data-id=\"16b211b\" data-element_type=\"container\" data-e-type=\"container\">\n\t\t\t\t\t<div class=\"e-con-inner\">\n\t\t\t\t<div class=\"elementor-element elementor-element-d37d97c elementor-widget elementor-widget-text-editor\" data-id=\"d37d97c\" data-element_type=\"widget\" data-e-type=\"widget\" data-widget_type=\"text-editor.default\">\n\t\t\t\t<div class=\"elementor-widget-container\">\n\t\t\t\t\t\t\t\t\t<p>Professional Air Handling Unit Maintenance and Service<\/p><p>We offer comprehensive maintenance services to ensure optimum performance of air handling units. With regular maintenance, we increase energy efficiency and reduce your operating costs.<\/p><p><strong>Our Maintenance Services:<br \/><\/strong>Filtration System Maintenance<br \/>Checking and replacing pre-filters<br \/>Control of bag filters<br \/>Maintenance of hepa filters<br \/>Filter frame control<br \/>Tightness control<br \/>Pressure difference measurement<\/p><p><strong>Heating-Cooling Coils<\/strong><br \/>Serpentine cleaning<br \/>Wing control and correction<br \/>Connection control<br \/>Tightness test<br \/>Drainage line cleaning<br \/>Condensation pan control<\/p><p><strong>Fan Systems<\/strong><br \/>Belt tension adjustment<br \/>Pulley alignment<br \/>Bearing control<br \/>Vibration measurement<br \/>Engine maintenance<br \/>Wing cleaning<\/p><p><strong>Humidification System<\/strong><br \/>Nozzle cleaning<br \/>Pump control<br \/>Water quality control<br \/>Drainage control<br \/>Moisturizing care<br \/>Hygiene control<\/p><p><strong>Advantages of Periodic Maintenance:<\/strong><br \/>- Energy savings<br \/>Extended system lifetime<br \/>- Improved indoor air quality<br \/>- Reduced risk of failure<br \/>Reduced operating costs<br \/>- Continuous operation<\/p>\t\t\t\t\t\t\t\t<\/div>\n\t\t\t\t<\/div>\n\t\t\t\t\t<\/div>\n\t\t\t\t<\/div>\n\t\t\t\t<\/div>","protected":false},"excerpt":{"rendered":"<p>Klima Santrali Bak\u0131m\u0131 Profesyonel Klima Santrali Bak\u0131m ve Servis Hizmetleri Klima santrallerinin optimum performansla \u00e7al\u0131\u015fmas\u0131 i\u00e7in kapsaml\u0131 bak\u0131m hizmetleri sunuyoruz. D\u00fczenli bak\u0131m ile enerji verimlili\u011fini art\u0131r\u0131yor, i\u015fletme maliyetlerinizi d\u00fc\u015f\u00fcr\u00fcyoruz. Bak\u0131m Hizmetlerimiz: Filtrasyon Sistemi Bak\u0131m\u0131 \u00d6n filtrelerin kontrol\u00fc ve de\u011fi\u015fimi Torba filtrelerin kontrol\u00fc Hepa filtrelerin bak\u0131m\u0131 Filtre \u00e7er\u00e7eve kontrol\u00fc S\u0131zd\u0131rmazl\u0131k kontrol\u00fc Bas\u0131n\u00e7 fark\u0131 \u00f6l\u00e7\u00fcm\u00fc Is\u0131tma-So\u011futma Serpantinleri [&hellip;]<\/p>\n","protected":false},"author":1,"featured_media":0,"parent":0,"menu_order":0,"comment_status":"closed","ping_status":"closed","template":"","meta":{"footnotes":""},"class_list":["post-1559","page","type-page","status-publish","hentry"],"blocksy_meta":[],"_links":{"self":[{"href":"https:\/\/bursahavalandirmabakim.com\/en\/wp-json\/wp\/v2\/pages\/1559","targetHints":{"allow":["GET"]}}],"collection":[{"href":"https:\/\/bursahavalandirmabakim.com\/en\/wp-json\/wp\/v2\/pages"}],"about":[{"href":"https:\/\/bursahavalandirmabakim.com\/en\/wp-json\/wp\/v2\/types\/page"}],"author":[{"embeddable":true,"href":"https:\/\/bursahavalandirmabakim.com\/en\/wp-json\/wp\/v2\/users\/1"}],"replies":[{"embeddable":true,"href":"https:\/\/bursahavalandirmabakim.com\/en\/wp-json\/wp\/v2\/comments?post=1559"}],"version-history":[{"count":5,"href":"https:\/\/bursahavalandirmabakim.com\/en\/wp-json\/wp\/v2\/pages\/1559\/revisions"}],"predecessor-version":[{"id":1565,"href":"https:\/\/bursahavalandirmabakim.com\/en\/wp-json\/wp\/v2\/pages\/1559\/revisions\/1565"}],"wp:attachment":[{"href":"https:\/\/bursahavalandirmabakim.com\/en\/wp-json\/wp\/v2\/media?parent=1559"}],"curies":[{"name":"wp","href":"https:\/\/api.w.org\/{rel}","templated":true}]}}