{"id":1567,"date":"2024-11-22T14:46:33","date_gmt":"2024-11-22T14:46:33","guid":{"rendered":"https:\/\/bursahavalandirmabakim.com\/?page_id=1567"},"modified":"2024-11-22T14:48:31","modified_gmt":"2024-11-22T14:48:31","slug":"hucreli-aspirator-bakimi","status":"publish","type":"page","link":"https:\/\/bursahavalandirmabakim.com\/en\/hucreli-aspirator-bakimi\/","title":{"rendered":"Cell Aspirator Maintenance"},"content":{"rendered":"<div data-elementor-type=\"wp-page\" data-elementor-id=\"1567\" class=\"elementor elementor-1567\">\n\t\t\t\t<div class=\"elementor-element elementor-element-44e0d6e e-flex e-con-boxed e-con e-parent\" data-id=\"44e0d6e\" data-element_type=\"container\" data-e-type=\"container\">\n\t\t\t\t\t<div class=\"e-con-inner\">\n\t\t\t\t<div class=\"elementor-element elementor-element-a7e2366 elementor-widget elementor-widget-heading\" data-id=\"a7e2366\" data-element_type=\"widget\" data-e-type=\"widget\" data-widget_type=\"heading.default\">\n\t\t\t\t<div class=\"elementor-widget-container\">\n\t\t\t\t\t<h2 class=\"elementor-heading-title elementor-size-default\">Cell Aspirator Maintenance<\/h2>\t\t\t\t<\/div>\n\t\t\t\t<\/div>\n\t\t\t\t\t<\/div>\n\t\t\t\t<\/div>\n\t\t<div class=\"elementor-element elementor-element-96a09cb e-flex e-con-boxed e-con e-parent\" data-id=\"96a09cb\" data-element_type=\"container\" data-e-type=\"container\">\n\t\t\t\t\t<div class=\"e-con-inner\">\n\t\t\t\t<div class=\"elementor-element elementor-element-afb1db8 elementor-widget elementor-widget-text-editor\" data-id=\"afb1db8\" data-element_type=\"widget\" data-e-type=\"widget\" data-widget_type=\"text-editor.default\">\n\t\t\t\t<div class=\"elementor-widget-container\">\n\t\t\t\t\t\t\t\t\t<p>Industrial Cell Aspirator Systems Maintenance and Repair<\/p><p>We offer professional maintenance services for efficient and safe operation of cell aspirators. We meet all your maintenance needs with our modern equipment and expert staff.<\/p><p><strong>Our Scope of Care:<\/strong><\/p><p><strong>Mechanical Maintenance<\/strong><br \/>Rotor control<br \/>Wing cleaning<br \/>Spindle control<br \/>Bearing maintenance<br \/>Pulley adjustment<br \/>Belt control<\/p><p><strong>Electrical Systems<\/strong><br \/>Engine maintenance<br \/>Electrical connections check<br \/>Isolation test<br \/>Thermal relay control<br \/>Switch control<br \/>Grounding measurement<\/p><p><strong>Trunk and Cell Care<\/strong><br \/>Tightness control<br \/>Corrosion control<br \/>Fastener control<br \/>Vibration chocks control<br \/>Cover control<br \/>Gasket replacement<\/p><p><strong>Maintenance Periods:<\/strong><br \/>- Monthly checks<br \/>- Quarterly maintenance<br \/>- Six-monthly detailed maintenance<br \/>- Annual general maintenance<\/p>\t\t\t\t\t\t\t\t<\/div>\n\t\t\t\t<\/div>\n\t\t\t\t\t<\/div>\n\t\t\t\t<\/div>\n\t\t\t\t<\/div>","protected":false},"excerpt":{"rendered":"<p>H\u00fccreli Aspirat\u00f6r Bak\u0131m\u0131 End\u00fcstriyel H\u00fccreli Aspirat\u00f6r Sistemleri Bak\u0131m ve Onar\u0131m H\u00fccreli aspirat\u00f6rlerin verimli ve g\u00fcvenli \u00e7al\u0131\u015fmas\u0131 i\u00e7in profesyonel bak\u0131m hizmetleri sunuyoruz. Modern ekipmanlar\u0131m\u0131z ve uzman kadromuzla t\u00fcm bak\u0131m ihtiya\u00e7lar\u0131n\u0131z\u0131 kar\u015f\u0131l\u0131yoruz. Bak\u0131m Kapsam\u0131m\u0131z: Mekanik Bak\u0131mRotor kontrol\u00fcKanat temizli\u011fiMil kontrol\u00fcRulman bak\u0131m\u0131Kasnak ayar\u0131Kay\u0131\u015f kontrol\u00fc Elektrik SistemleriMotor bak\u0131m\u0131Elektrik ba\u011flant\u0131lar\u0131 kontrol\u00fc\u0130zolasyon testiTermik r\u00f6le kontrol\u00fc\u015ealter kontrol\u00fcTopraklama \u00f6l\u00e7\u00fcm\u00fc G\u00f6vde ve H\u00fccre Bak\u0131m\u0131S\u0131zd\u0131rmazl\u0131k kontrol\u00fcKorozyon [&hellip;]<\/p>\n","protected":false},"author":1,"featured_media":0,"parent":0,"menu_order":0,"comment_status":"closed","ping_status":"closed","template":"","meta":{"footnotes":""},"class_list":["post-1567","page","type-page","status-publish","hentry"],"blocksy_meta":[],"_links":{"self":[{"href":"https:\/\/bursahavalandirmabakim.com\/en\/wp-json\/wp\/v2\/pages\/1567","targetHints":{"allow":["GET"]}}],"collection":[{"href":"https:\/\/bursahavalandirmabakim.com\/en\/wp-json\/wp\/v2\/pages"}],"about":[{"href":"https:\/\/bursahavalandirmabakim.com\/en\/wp-json\/wp\/v2\/types\/page"}],"author":[{"embeddable":true,"href":"https:\/\/bursahavalandirmabakim.com\/en\/wp-json\/wp\/v2\/users\/1"}],"replies":[{"embeddable":true,"href":"https:\/\/bursahavalandirmabakim.com\/en\/wp-json\/wp\/v2\/comments?post=1567"}],"version-history":[{"count":4,"href":"https:\/\/bursahavalandirmabakim.com\/en\/wp-json\/wp\/v2\/pages\/1567\/revisions"}],"predecessor-version":[{"id":1571,"href":"https:\/\/bursahavalandirmabakim.com\/en\/wp-json\/wp\/v2\/pages\/1567\/revisions\/1571"}],"wp:attachment":[{"href":"https:\/\/bursahavalandirmabakim.com\/en\/wp-json\/wp\/v2\/media?parent=1567"}],"curies":[{"name":"wp","href":"https:\/\/api.w.org\/{rel}","templated":true}]}}