{"id":1572,"date":"2024-11-22T14:49:07","date_gmt":"2024-11-22T14:49:07","guid":{"rendered":"https:\/\/bursahavalandirmabakim.com\/?page_id=1572"},"modified":"2024-11-22T14:51:06","modified_gmt":"2024-11-22T14:51:06","slug":"salyangoz-fan-bakimi","status":"publish","type":"page","link":"https:\/\/bursahavalandirmabakim.com\/en\/salyangoz-fan-bakimi\/","title":{"rendered":"Snail Fan Care"},"content":{"rendered":"<div data-elementor-type=\"wp-page\" data-elementor-id=\"1572\" class=\"elementor elementor-1572\">\n\t\t\t\t<div class=\"elementor-element elementor-element-d68bc94 e-flex e-con-boxed e-con e-parent\" data-id=\"d68bc94\" data-element_type=\"container\" data-e-type=\"container\">\n\t\t\t\t\t<div class=\"e-con-inner\">\n\t\t\t\t<div class=\"elementor-element elementor-element-5b7d340 elementor-widget elementor-widget-heading\" data-id=\"5b7d340\" data-element_type=\"widget\" data-e-type=\"widget\" data-widget_type=\"heading.default\">\n\t\t\t\t<div class=\"elementor-widget-container\">\n\t\t\t\t\t<h2 class=\"elementor-heading-title elementor-size-default\">Snail Fan Care<\/h2>\t\t\t\t<\/div>\n\t\t\t\t<\/div>\n\t\t\t\t\t<\/div>\n\t\t\t\t<\/div>\n\t\t<div class=\"elementor-element elementor-element-a512ea3 e-flex e-con-boxed e-con e-parent\" data-id=\"a512ea3\" data-element_type=\"container\" data-e-type=\"container\">\n\t\t\t\t\t<div class=\"e-con-inner\">\n\t\t\t\t<div class=\"elementor-element elementor-element-998a2aa elementor-widget elementor-widget-text-editor\" data-id=\"998a2aa\" data-element_type=\"widget\" data-e-type=\"widget\" data-widget_type=\"text-editor.default\">\n\t\t\t\t<div class=\"elementor-widget-container\">\n\t\t\t\t\t\t\t\t\t<p>Professional Maintenance for Industrial Snail Fan Systems<\/p><p>We offer comprehensive maintenance and repair services to keep snail fans running at optimum performance. We meet all your maintenance needs with our expert team and modern equipment.<\/p><p><strong>Our Maintenance Services:<\/strong><\/p><p><strong>Mechanical System Maintenance<\/strong><br \/>Fan wheel control<br \/>Wing cleaning and inspection<br \/>Balance control<br \/>Spindle control<br \/>Bearing maintenance<br \/>Pulley-belt system control<\/p><p><strong>Body Maintenance<\/strong><br \/>Body cleaning<br \/>Corrosion control<br \/>Tightness control<br \/>Vibration control<br \/>Fastener control<br \/>Isolation control<\/p><p><strong>Performance Controllers<\/strong><br \/>Flow measurement<br \/>Pressure measurement<br \/>Vibration analysis<br \/>Sound level measurement<br \/>Energy consumption analysis<br \/>Efficiency testing<\/p><p><strong>Maintenance Advantages:<\/strong><br \/>- Increase in system performance<br \/>- Energy savings<br \/>- Reduction in noise level<br \/>- Minimizing the risk of failure<br \/>Extended system lifetime<br \/>- Reduced operating costs<\/p>\t\t\t\t\t\t\t\t<\/div>\n\t\t\t\t<\/div>\n\t\t\t\t\t<\/div>\n\t\t\t\t<\/div>\n\t\t\t\t<\/div>","protected":false},"excerpt":{"rendered":"<p>Salyangoz Fan Bak\u0131m\u0131 End\u00fcstriyel Salyangoz Fan Sistemleri i\u00e7in Profesyonel Bak\u0131m Salyangoz fanlar\u0131n optimum performansla \u00e7al\u0131\u015fmas\u0131 i\u00e7in kapsaml\u0131 bak\u0131m ve onar\u0131m hizmetleri sunuyoruz. Uzman ekibimiz ve modern ekipmanlar\u0131m\u0131zla t\u00fcm bak\u0131m ihtiya\u00e7lar\u0131n\u0131z\u0131 kar\u015f\u0131l\u0131yoruz. Bak\u0131m Hizmetlerimiz: Mekanik Sistem Bak\u0131m\u0131Fan \u00e7ark\u0131 kontrol\u00fcKanat temizli\u011fi ve kontrol\u00fcBalans kontrol\u00fcMil kontrol\u00fcRulman bak\u0131m\u0131Kasnak-kay\u0131\u015f sistemi kontrol\u00fc G\u00f6vde Bak\u0131m\u0131G\u00f6vde temizli\u011fiKorozyon kontrol\u00fcS\u0131zd\u0131rmazl\u0131k kontrol\u00fcTitre\u015fim kontrol\u00fcBa\u011flant\u0131 elemanlar\u0131 kontrol\u00fc\u0130zolasyon kontrol\u00fc [&hellip;]<\/p>\n","protected":false},"author":1,"featured_media":0,"parent":0,"menu_order":0,"comment_status":"closed","ping_status":"closed","template":"","meta":{"footnotes":""},"class_list":["post-1572","page","type-page","status-publish","hentry"],"blocksy_meta":[],"_links":{"self":[{"href":"https:\/\/bursahavalandirmabakim.com\/en\/wp-json\/wp\/v2\/pages\/1572","targetHints":{"allow":["GET"]}}],"collection":[{"href":"https:\/\/bursahavalandirmabakim.com\/en\/wp-json\/wp\/v2\/pages"}],"about":[{"href":"https:\/\/bursahavalandirmabakim.com\/en\/wp-json\/wp\/v2\/types\/page"}],"author":[{"embeddable":true,"href":"https:\/\/bursahavalandirmabakim.com\/en\/wp-json\/wp\/v2\/users\/1"}],"replies":[{"embeddable":true,"href":"https:\/\/bursahavalandirmabakim.com\/en\/wp-json\/wp\/v2\/comments?post=1572"}],"version-history":[{"count":4,"href":"https:\/\/bursahavalandirmabakim.com\/en\/wp-json\/wp\/v2\/pages\/1572\/revisions"}],"predecessor-version":[{"id":1576,"href":"https:\/\/bursahavalandirmabakim.com\/en\/wp-json\/wp\/v2\/pages\/1572\/revisions\/1576"}],"wp:attachment":[{"href":"https:\/\/bursahavalandirmabakim.com\/en\/wp-json\/wp\/v2\/media?parent=1572"}],"curies":[{"name":"wp","href":"https:\/\/api.w.org\/{rel}","templated":true}]}}