{"id":623,"date":"2022-07-08T13:46:21","date_gmt":"2022-07-08T13:46:21","guid":{"rendered":"https:\/\/startersites.io\/elementor\/cleaning-service\/?page_id=623"},"modified":"2024-11-25T12:01:17","modified_gmt":"2024-11-25T12:01:17","slug":"hakkimizda","status":"publish","type":"page","link":"https:\/\/bursahavalandirmabakim.com\/en\/hakkimizda\/","title":{"rendered":"About Us"},"content":{"rendered":"\t\t<div data-elementor-type=\"wp-page\" data-elementor-id=\"623\" class=\"elementor elementor-623\">\n\t\t\t\t<div class=\"elementor-element elementor-element-0aa070e e-flex e-con-boxed e-con e-parent\" data-id=\"0aa070e\" data-element_type=\"container\" data-e-type=\"container\" data-settings=\"{&quot;background_background&quot;:&quot;classic&quot;}\">\n\t\t\t\t\t<div class=\"e-con-inner\">\n\t\t\t\t<div class=\"elementor-element elementor-element-84f59a5 elementor-widget elementor-widget-heading\" data-id=\"84f59a5\" data-element_type=\"widget\" data-e-type=\"widget\" data-widget_type=\"heading.default\">\n\t\t\t\t<div class=\"elementor-widget-container\">\n\t\t\t\t\t<h2 class=\"elementor-heading-title elementor-size-default\">Hakk\u0131m\u0131zda<\/h2>\t\t\t\t<\/div>\n\t\t\t\t<\/div>\n\t\t\t\t\t<\/div>\n\t\t\t\t<\/div>\n\t\t<div class=\"elementor-element elementor-element-b549700 e-flex e-con-boxed e-con e-parent\" data-id=\"b549700\" data-element_type=\"container\" data-e-type=\"container\">\n\t\t\t\t\t<div class=\"e-con-inner\">\n\t\t\t\t<div class=\"elementor-element elementor-element-bbbb609 elementor-widget elementor-widget-heading\" data-id=\"bbbb609\" data-element_type=\"widget\" data-e-type=\"widget\" data-widget_type=\"heading.default\">\n\t\t\t\t<div class=\"elementor-widget-container\">\n\t\t\t\t\t<h2 class=\"elementor-heading-title elementor-size-default\">HAKKIMIZDA<\/h2>\t\t\t\t<\/div>\n\t\t\t\t<\/div>\n\t\t\t\t\t<\/div>\n\t\t\t\t<\/div>\n\t\t<div class=\"elementor-element elementor-element-e2fb82a e-flex e-con-boxed e-con e-parent\" data-id=\"e2fb82a\" data-element_type=\"container\" data-e-type=\"container\">\n\t\t\t\t\t<div class=\"e-con-inner\">\n\t\t\t\t<div class=\"elementor-element elementor-element-01373c0 elementor-widget elementor-widget-text-editor\" data-id=\"01373c0\" data-element_type=\"widget\" data-e-type=\"widget\" data-widget_type=\"text-editor.default\">\n\t\t\t\t<div class=\"elementor-widget-container\">\n\t\t\t\t\t\t\t\t\t<p>Bursa Havaland\u0131rma Bak\u0131m, 2014 y\u0131l\u0131nda Bursa&#8217;da end\u00fcstriyel tesislere \u00f6zel havaland\u0131rma sistemleri bak\u0131m ve onar\u0131m hizmetleri sunmak \u00fczere kurulmu\u015ftur. Profesyonel kadromuz ve ileri teknoloji ekipmanlar\u0131m\u0131zla, end\u00fcstriyel tesislerin havaland\u0131rma sistemlerinin kesintisiz ve verimli \u00e7al\u0131\u015fmas\u0131n\u0131 sa\u011fl\u0131yoruz.<\/p>\t\t\t\t\t\t\t\t<\/div>\n\t\t\t\t<\/div>\n\t\t\t\t\t<\/div>\n\t\t\t\t<\/div>\n\t\t<div class=\"elementor-element elementor-element-1300de9 e-flex e-con-boxed e-con e-parent\" data-id=\"1300de9\" data-element_type=\"container\" data-e-type=\"container\">\n\t\t\t\t\t<div class=\"e-con-inner\">\n\t\t<div class=\"elementor-element elementor-element-0cb6933 e-con-full e-flex e-con e-child\" data-id=\"0cb6933\" data-element_type=\"container\" data-e-type=\"container\">\n\t\t\t\t<div class=\"elementor-element elementor-element-2cf423b elementor-widget elementor-widget-text-editor\" data-id=\"2cf423b\" data-element_type=\"widget\" data-e-type=\"widget\" data-widget_type=\"text-editor.default\">\n\t\t\t\t<div class=\"elementor-widget-container\">\n\t\t\t\t\t\t\t\t\t<p><strong>V\u0130ZYONUMUZ:<\/strong><br \/><strong>Bursa ve \u00e7evre illerde end\u00fcstriyel havaland\u0131rma sistemleri bak\u0131m sekt\u00f6r\u00fcn\u00fcn \u00f6nc\u00fc firmas\u0131 olmak, yenilik\u00e7i \u00e7\u00f6z\u00fcmler ve kaliteli hizmet anlay\u0131\u015f\u0131yla sekt\u00f6rde referans noktas\u0131 haline gelmek.<\/strong><\/p>\t\t\t\t\t\t\t\t<\/div>\n\t\t\t\t<\/div>\n\t\t\t\t<\/div>\n\t\t<div class=\"elementor-element elementor-element-4722bcb e-con-full e-flex e-con e-child\" data-id=\"4722bcb\" data-element_type=\"container\" data-e-type=\"container\">\n\t\t\t\t<div class=\"elementor-element elementor-element-2c710f1 elementor-widget elementor-widget-text-editor\" data-id=\"2c710f1\" data-element_type=\"widget\" data-e-type=\"widget\" data-widget_type=\"text-editor.default\">\n\t\t\t\t<div class=\"elementor-widget-container\">\n\t\t\t\t\t\t\t\t\t<p><strong>M\u0130SYONUMUZ:<br \/><\/strong><strong>M\u00fc\u015fterilerimizin ihtiya\u00e7lar\u0131na \u00f6zel, profesyonel \u00e7\u00f6z\u00fcmler sunmak<\/strong><br \/><strong>En son teknoloji ve y\u00f6ntemleri kullanarak hizmet kalitemizi s\u00fcrekli art\u0131rmak<\/strong><br \/><strong>Enerji verimlili\u011fi odakl\u0131 bak\u0131m hizmetleri sa\u011flamak<\/strong><br \/><strong>\u0130\u015f g\u00fcvenli\u011fi ve \u00e7evre standartlar\u0131na tam uyum g\u00f6stermek<\/strong><br \/><strong>\u00c7al\u0131\u015fanlar\u0131m\u0131z\u0131n s\u00fcrekli geli\u015fimini desteklemek<\/strong><\/p>\t\t\t\t\t\t\t\t<\/div>\n\t\t\t\t<\/div>\n\t\t\t\t<\/div>\n\t\t\t\t\t<\/div>\n\t\t\t\t<\/div>\n\t\t<div class=\"elementor-element elementor-element-053cda0 e-flex e-con-boxed e-con e-parent\" data-id=\"053cda0\" data-element_type=\"container\" data-e-type=\"container\" data-settings=\"{&quot;background_background&quot;:&quot;classic&quot;}\">\n\t\t\t\t\t<div class=\"e-con-inner\">\n\t\t\t\t<div class=\"elementor-element elementor-element-0e542e9 elementor-view-default elementor-widget elementor-widget-icon\" data-id=\"0e542e9\" data-element_type=\"widget\" data-e-type=\"widget\" data-widget_type=\"icon.default\">\n\t\t\t\t<div class=\"elementor-widget-container\">\n\t\t\t\t\t\t\t<div class=\"elementor-icon-wrapper\">\n\t\t\t<div class=\"elementor-icon\">\n\t\t\t<svg aria-hidden=\"true\" class=\"e-font-icon-svg e-fas-fan\" viewBox=\"0 0 512 512\" xmlns=\"http:\/\/www.w3.org\/2000\/svg\"><path d=\"M352.57 128c-28.09 0-54.09 4.52-77.06 12.86l12.41-123.11C289 7.31 279.81-1.18 269.33.13 189.63 10.13 128 77.64 128 159.43c0 28.09 4.52 54.09 12.86 77.06L17.75 224.08C7.31 223-1.18 232.19.13 242.67c10 79.7 77.51 141.33 159.3 141.33 28.09 0 54.09-4.52 77.06-12.86l-12.41 123.11c-1.05 10.43 8.11 18.93 18.59 17.62 79.7-10 141.33-77.51 141.33-159.3 0-28.09-4.52-54.09-12.86-77.06l123.11 12.41c10.44 1.05 18.93-8.11 17.62-18.59-10-79.7-77.51-141.33-159.3-141.33zM256 288a32 32 0 1 1 32-32 32 32 0 0 1-32 32z\"><\/path><\/svg>\t\t\t<\/div>\n\t\t<\/div>\n\t\t\t\t\t\t<\/div>\n\t\t\t\t<\/div>\n\t\t\t\t<div class=\"elementor-element elementor-element-cbe31a7 elementor-widget__width-initial elementor-widget-tablet__width-inherit elementor-widget elementor-widget-heading\" data-id=\"cbe31a7\" data-element_type=\"widget\" data-e-type=\"widget\" data-widget_type=\"heading.default\">\n\t\t\t\t<div class=\"elementor-widget-container\">\n\t\t\t\t\t<h2 class=\"elementor-heading-title elementor-size-default\">End\u00fcstriyel tesislere \u00f6zel havaland\u0131rma sistemleri bak\u0131m ve onar\u0131m hizmetlerimi ar\u0131yorsunuz.<\/h2>\t\t\t\t<\/div>\n\t\t\t\t<\/div>\n\t\t<div class=\"elementor-element elementor-element-90af969 e-flex e-con-boxed e-con e-child\" data-id=\"90af969\" data-element_type=\"container\" data-e-type=\"container\" data-settings=\"{&quot;background_background&quot;:&quot;classic&quot;}\">\n\t\t\t\t\t<div class=\"e-con-inner\">\n\t\t\t\t<div class=\"elementor-element elementor-element-7e78856 elementor-widget elementor-widget-heading\" data-id=\"7e78856\" data-element_type=\"widget\" data-e-type=\"widget\" data-widget_type=\"heading.default\">\n\t\t\t\t<div class=\"elementor-widget-container\">\n\t\t\t\t\t<h5 class=\"elementor-heading-title elementor-size-default\">\u00dccretsiz Randevu Al\u0131n<\/h5>\t\t\t\t<\/div>\n\t\t\t\t<\/div>\n\t\t\t\t<div class=\"elementor-element elementor-element-9ae65c1 elementor-widget elementor-widget-wpforms\" data-id=\"9ae65c1\" data-element_type=\"widget\" data-e-type=\"widget\" data-widget_type=\"wpforms.default\">\n\t\t\t\t<div class=\"elementor-widget-container\">\n\t\t\t\t\t<div class=\"wpforms-container ct-wpforms-inline-fields wpforms-render-modern\" id=\"wpforms-69\"><form id=\"wpforms-form-69\" class=\"wpforms-validate wpforms-form wpforms-ajax-form\" data-formid=\"69\" method=\"post\" enctype=\"multipart\/form-data\" action=\"\/en\/wp-json\/wp\/v2\/pages\/623\" data-token=\"ff8a2b4c9df887a3df67738c0ff1eab9\" data-token-time=\"1776291600\"><noscript class=\"wpforms-error-noscript\">Please enable JavaScript in your browser to complete this form.<\/noscript><div id=\"wpforms-error-noscript\" style=\"display: none;\">Please enable JavaScript in your browser to complete this form.<\/div><div class=\"wpforms-field-container\"><div id=\"wpforms-69-field_2-container\" class=\"wpforms-field wpforms-field-name\" data-field-id=\"2\"><label class=\"wpforms-field-label wpforms-label-hide\" for=\"wpforms-69-field_2\" aria-hidden=\"false\">Ad\u0131n\u0131z Soyad\u0131n\u0131z <span class=\"wpforms-required-label\" aria-hidden=\"true\">*<\/span><\/label><input type=\"text\" id=\"wpforms-69-field_2\" class=\"wpforms-field-large wpforms-field-required\" name=\"wpforms[fields][2]\" placeholder=\"Ad\u0131n\u0131z Soyad\u0131n\u0131z *\" aria-errormessage=\"wpforms-69-field_2-error\" required><\/div><div id=\"wpforms-69-field_5-container\" class=\"wpforms-field wpforms-field-text\" data-field-id=\"5\"><label class=\"wpforms-field-label wpforms-label-hide\" for=\"wpforms-69-field_5\" aria-hidden=\"false\">Telefon <span class=\"wpforms-required-label\" aria-hidden=\"true\">*<\/span><\/label><input type=\"text\" id=\"wpforms-69-field_5\" class=\"wpforms-field-large wpforms-field-required\" name=\"wpforms[fields][5]\" placeholder=\"Telefon Numaran\u0131z *\" aria-errormessage=\"wpforms-69-field_5-error\" required><\/div><div id=\"wpforms-69-field_6-container\" class=\"wpforms-field wpforms-field-select wpforms-field-select-style-classic\" data-field-id=\"6\"><label class=\"wpforms-field-label wpforms-label-hide\" for=\"wpforms-69-field_6\" aria-hidden=\"false\">Servis Talebi <span class=\"wpforms-required-label\" aria-hidden=\"true\">*<\/span><\/label><select id=\"wpforms-69-field_6\" class=\"wpforms-field-large wpforms-field-required\" name=\"wpforms[fields][6]\" required=\"required\"><option value=\"\" class=\"placeholder\" disabled  selected='selected'>Servis Se\u00e7iniz *<\/option><option value=\"Teknik Servis ve Bak\u0131m\"  class=\"choice-1 depth-1\"  >Teknik Servis ve Bak\u0131m<\/option><option value=\"Periyodik Bak\u0131m\"  class=\"choice-2 depth-1\"  >Periyodik Bak\u0131m<\/option><option value=\"Filtre De\u011fi\u015fimi\"  class=\"choice-3 depth-1\"  >Filtre De\u011fi\u015fimi<\/option><option value=\"Kay\u0131\u015f Kasnak De\u011fi\u015fimi\"  class=\"choice-4 depth-1\"  >Kay\u0131\u015f Kasnak De\u011fi\u015fimi<\/option><option value=\"Elektrik Motoru Kontrol\u00fc\"  class=\"choice-5 depth-1\"  >Elektrik Motoru Kontrol\u00fc<\/option><option value=\"Havaland\u0131rma \u00d6l\u00e7\u00fcm\u00fc\"  class=\"choice-6 depth-1\"  >Havaland\u0131rma \u00d6l\u00e7\u00fcm\u00fc<\/option><option value=\"Sistemin Sorunsuz \u00c7al\u0131\u015fmas\u0131n\u0131 Sa\u011flayacak Kontrol\u00fc ve Uygulamas\u0131\"  class=\"choice-7 depth-1\"  >Sistemin Sorunsuz \u00c7al\u0131\u015fmas\u0131n\u0131 Sa\u011flayacak Kontrol\u00fc ve Uygulamas\u0131<\/option><option value=\"Havaland\u0131rma Raporu\"  class=\"choice-10 depth-1\"  >Havaland\u0131rma Raporu<\/option><option value=\"\u0130nvent\u00f6rl\u00fc Elektrik Panosu\"  class=\"choice-9 depth-1\"  >\u0130nvent\u00f6rl\u00fc Elektrik Panosu<\/option><option value=\"Vibrasyon ve Balans \u00d6l\u00e7\u00fcm\u00fc\"  class=\"choice-8 depth-1\"  >Vibrasyon ve Balans \u00d6l\u00e7\u00fcm\u00fc<\/option><\/select><\/div><\/div><!-- .wpforms-field-container --><div class=\"wpforms-submit-container\" ><input type=\"hidden\" name=\"wpforms[id]\" value=\"69\"><input type=\"hidden\" name=\"page_title\" value=\"\"><input type=\"hidden\" name=\"page_url\" value=\"https:\/\/bursahavalandirmabakim.com\/en\/wp-json\/wp\/v2\/pages\/623\"><input type=\"hidden\" name=\"url_referer\" value=\"https:\/\/bursahavalandirmabakim.com\/en\/hakkimizda\/\"><button type=\"submit\" name=\"wpforms[submit]\" id=\"wpforms-submit-69\" class=\"wpforms-submit\" data-alt-text=\"G\u00f6nderiliyor...\" data-submit-text=\"Randevu Al\u0131n\" aria-live=\"assertive\" value=\"wpforms-submit\">Randevu Al\u0131n<\/button><img decoding=\"async\" src=\"https:\/\/bursahavalandirmabakim.com\/wp-content\/plugins\/wpforms-lite\/assets\/images\/submit-spin.svg\" class=\"wpforms-submit-spinner\" style=\"display: none;\" width=\"26\" height=\"26\" alt=\"Loading\"><\/div><\/form><\/div>  <!-- .wpforms-container -->\t\t\t\t<\/div>\n\t\t\t\t<\/div>\n\t\t\t\t\t<\/div>\n\t\t\t\t<\/div>\n\t\t\t\t<div class=\"elementor-element elementor-element-0ce488f elementor-widget elementor-widget-text-editor\" data-id=\"0ce488f\" data-element_type=\"widget\" data-e-type=\"widget\" data-widget_type=\"text-editor.default\">\n\t\t\t\t<div class=\"elementor-widget-container\">\n\t\t\t\t\t\t\t\t\t<p>yada bizi arayabilirsiniz.<\/p>\t\t\t\t\t\t\t\t<\/div>\n\t\t\t\t<\/div>\n\t\t\t\t\t<\/div>\n\t\t\t\t<\/div>\n\t\t<div class=\"elementor-element elementor-element-869f94f e-flex e-con-boxed e-con e-parent\" data-id=\"869f94f\" data-element_type=\"container\" data-e-type=\"container\">\n\t\t\t\t\t<div class=\"e-con-inner\">\n\t\t\t\t<div class=\"elementor-element elementor-element-e6b7c2c elementor-widget elementor-widget-heading\" data-id=\"e6b7c2c\" data-element_type=\"widget\" data-e-type=\"widget\" data-widget_type=\"heading.default\">\n\t\t\t\t<div class=\"elementor-widget-container\">\n\t\t\t\t\t<h2 class=\"elementor-heading-title elementor-size-default\">Referanslar\u0131m\u0131z<\/h2>\t\t\t\t<\/div>\n\t\t\t\t<\/div>\n\t\t\t\t\t<\/div>\n\t\t\t\t<\/div>\n\t\t<div class=\"elementor-element elementor-element-4be8635 e-flex e-con-boxed e-con e-parent\" data-id=\"4be8635\" data-element_type=\"container\" data-e-type=\"container\">\n\t\t\t\t\t<div class=\"e-con-inner\">\n\t\t\t\t<div class=\"elementor-element elementor-element-78f5245 elementor-widget__width-initial ct-box-logo elementor-widget-mobile__width-inherit elementor-widget elementor-widget-image\" data-id=\"78f5245\" data-element_type=\"widget\" data-e-type=\"widget\" data-widget_type=\"image.default\">\n\t\t\t\t<div class=\"elementor-widget-container\">\n\t\t\t\t\t\t\t\t\t\t\t\t\t\t\t<img fetchpriority=\"high\" decoding=\"async\" width=\"2000\" height=\"2000\" src=\"https:\/\/bursahavalandirmabakim.com\/wp-content\/uploads\/2024\/11\/ibras-logo.jpg\" class=\"attachment-full size-full wp-image-1545\" alt=\"\" srcset=\"https:\/\/bursahavalandirmabakim.com\/wp-content\/uploads\/2024\/11\/ibras-logo.jpg 2000w, https:\/\/bursahavalandirmabakim.com\/wp-content\/uploads\/2024\/11\/ibras-logo-300x300.jpg 300w, https:\/\/bursahavalandirmabakim.com\/wp-content\/uploads\/2024\/11\/ibras-logo-1024x1024.jpg 1024w, https:\/\/bursahavalandirmabakim.com\/wp-content\/uploads\/2024\/11\/ibras-logo-150x150.jpg 150w, https:\/\/bursahavalandirmabakim.com\/wp-content\/uploads\/2024\/11\/ibras-logo-768x768.jpg 768w, https:\/\/bursahavalandirmabakim.com\/wp-content\/uploads\/2024\/11\/ibras-logo-1536x1536.jpg 1536w, https:\/\/bursahavalandirmabakim.com\/wp-content\/uploads\/2024\/11\/ibras-logo-12x12.jpg 12w\" sizes=\"(max-width: 2000px) 100vw, 2000px\" \/>\t\t\t\t\t\t\t\t\t\t\t\t\t\t\t<\/div>\n\t\t\t\t<\/div>\n\t\t\t\t<div class=\"elementor-element elementor-element-7797999 elementor-widget__width-initial ct-box-logo elementor-widget-mobile__width-inherit elementor-widget elementor-widget-image\" data-id=\"7797999\" data-element_type=\"widget\" data-e-type=\"widget\" data-widget_type=\"image.default\">\n\t\t\t\t<div class=\"elementor-widget-container\">\n\t\t\t\t\t\t\t\t\t\t\t\t\t\t\t<img decoding=\"async\" width=\"498\" height=\"498\" src=\"https:\/\/bursahavalandirmabakim.com\/wp-content\/uploads\/2024\/11\/lande-logo.png\" class=\"attachment-full size-full wp-image-1586\" alt=\"\" srcset=\"https:\/\/bursahavalandirmabakim.com\/wp-content\/uploads\/2024\/11\/lande-logo.png 498w, https:\/\/bursahavalandirmabakim.com\/wp-content\/uploads\/2024\/11\/lande-logo-300x300.png 300w, https:\/\/bursahavalandirmabakim.com\/wp-content\/uploads\/2024\/11\/lande-logo-150x150.png 150w, https:\/\/bursahavalandirmabakim.com\/wp-content\/uploads\/2024\/11\/lande-logo-12x12.png 12w\" sizes=\"(max-width: 498px) 100vw, 498px\" \/>\t\t\t\t\t\t\t\t\t\t\t\t\t\t\t<\/div>\n\t\t\t\t<\/div>\n\t\t\t\t<div class=\"elementor-element elementor-element-2d011a7 elementor-widget__width-initial ct-box-logo elementor-widget-mobile__width-inherit elementor-widget elementor-widget-image\" data-id=\"2d011a7\" data-element_type=\"widget\" data-e-type=\"widget\" data-widget_type=\"image.default\">\n\t\t\t\t<div class=\"elementor-widget-container\">\n\t\t\t\t\t\t\t\t\t\t\t\t\t\t\t<img loading=\"lazy\" decoding=\"async\" width=\"398\" height=\"398\" src=\"https:\/\/bursahavalandirmabakim.com\/wp-content\/uploads\/2024\/11\/odelo.png\" class=\"attachment-large size-large wp-image-1547\" alt=\"\" srcset=\"https:\/\/bursahavalandirmabakim.com\/wp-content\/uploads\/2024\/11\/odelo.png 398w, https:\/\/bursahavalandirmabakim.com\/wp-content\/uploads\/2024\/11\/odelo-300x300.png 300w, https:\/\/bursahavalandirmabakim.com\/wp-content\/uploads\/2024\/11\/odelo-150x150.png 150w, https:\/\/bursahavalandirmabakim.com\/wp-content\/uploads\/2024\/11\/odelo-12x12.png 12w\" sizes=\"(max-width: 398px) 100vw, 398px\" \/>\t\t\t\t\t\t\t\t\t\t\t\t\t\t\t<\/div>\n\t\t\t\t<\/div>\n\t\t\t\t<div class=\"elementor-element elementor-element-72e6c14 elementor-widget__width-initial ct-box-logo elementor-widget-mobile__width-inherit elementor-widget elementor-widget-image\" data-id=\"72e6c14\" data-element_type=\"widget\" data-e-type=\"widget\" data-widget_type=\"image.default\">\n\t\t\t\t<div class=\"elementor-widget-container\">\n\t\t\t\t\t\t\t\t\t\t\t\t\t\t\t<img loading=\"lazy\" decoding=\"async\" width=\"600\" height=\"600\" src=\"https:\/\/bursahavalandirmabakim.com\/wp-content\/uploads\/2024\/11\/unver.png\" class=\"attachment-large size-large wp-image-1548\" alt=\"\" srcset=\"https:\/\/bursahavalandirmabakim.com\/wp-content\/uploads\/2024\/11\/unver.png 600w, https:\/\/bursahavalandirmabakim.com\/wp-content\/uploads\/2024\/11\/unver-300x300.png 300w, https:\/\/bursahavalandirmabakim.com\/wp-content\/uploads\/2024\/11\/unver-150x150.png 150w, https:\/\/bursahavalandirmabakim.com\/wp-content\/uploads\/2024\/11\/unver-12x12.png 12w\" sizes=\"(max-width: 600px) 100vw, 600px\" \/>\t\t\t\t\t\t\t\t\t\t\t\t\t\t\t<\/div>\n\t\t\t\t<\/div>\n\t\t\t\t\t<\/div>\n\t\t\t\t<\/div>\n\t\t\t\t<\/div>\n\t\t","protected":false},"excerpt":{"rendered":"<p>Hakk\u0131m\u0131zda HAKKIMIZDA Bursa Havaland\u0131rma Bak\u0131m, 2014 y\u0131l\u0131nda Bursa&#8217;da end\u00fcstriyel tesislere \u00f6zel havaland\u0131rma sistemleri bak\u0131m ve onar\u0131m hizmetleri sunmak \u00fczere kurulmu\u015ftur. Profesyonel kadromuz ve ileri teknoloji ekipmanlar\u0131m\u0131zla, end\u00fcstriyel tesislerin havaland\u0131rma sistemlerinin kesintisiz ve verimli \u00e7al\u0131\u015fmas\u0131n\u0131 sa\u011fl\u0131yoruz. V\u0130ZYONUMUZ:Bursa ve \u00e7evre illerde end\u00fcstriyel havaland\u0131rma sistemleri bak\u0131m sekt\u00f6r\u00fcn\u00fcn \u00f6nc\u00fc firmas\u0131 olmak, yenilik\u00e7i \u00e7\u00f6z\u00fcmler ve kaliteli hizmet anlay\u0131\u015f\u0131yla sekt\u00f6rde referans [&hellip;]<\/p>\n","protected":false},"author":1,"featured_media":0,"parent":0,"menu_order":0,"comment_status":"closed","ping_status":"closed","template":"","meta":{"footnotes":""},"class_list":["post-623","page","type-page","status-publish","hentry"],"blocksy_meta":{"page_title_panel":"","has_hero_section":"disabled","611c92d935758790a591783e16fbb041":"","hero_section":"type-1","hero_elements":[{"id":"custom_title","enabled":true,"heading_tag":"h1","title":"Home"},{"id":"custom_description","enabled":true,"description_visibility":{"desktop":true,"tablet":true,"mobile":false}},{"id":"custom_meta","enabled":false,"meta_elements":[{"id":"author","enabled":true,"label":"By","has_author_avatar":"yes","avatar_size":25},{"id":"post_date","enabled":true,"label":"On","date_format_source":"default","date_format":"M j, Y"},{"id":"updated_date","enabled":false,"label":"On","date_format_source":"default","date_format":"M j, Y"},{"id":"categories","enabled":false,"label":"In","style":"simple"},{"id":"comments","enabled":true}],"page_meta_elements":{"joined":true,"articles_count":true,"comments":true}},{"id":"breadcrumbs","enabled":false}],"46e8d3be9da0d1b82f8af8a9cd0f710d":"","hero_alignment1":"CT_CSS_SKIP_RULE","hero_margin":40,"hero_alignment2":"center","hero_vertical_alignment":"center","362640cecb7f38c45fc0d1a335915791":"","hero_structure":"narrow","e336875188121c375021e4fb0e81c0bb":"","page_title_bg_type":"featured_image","custom_hero_background":{"attachment_id":null},"page_title_image_size":"full","parallax":{"desktop":false,"tablet":false,"mobile":false},"57e5570a8110099c3e979646c8607ab1":"","hero_height":"250px","pageTitleFont":{"family":"Default","variation":"Default","size":"30px","line-height":"CT_CSS_SKIP_RULE","letter-spacing":"CT_CSS_SKIP_RULE","text-transform":"CT_CSS_SKIP_RULE","text-decoration":"CT_CSS_SKIP_RULE"},"pageTitleFontColor":{"default":{"color":"CT_CSS_SKIP_RULEDEFAULT"}},"pageMetaFont":{"family":"Default","variation":"n6","size":"12px","line-height":"1.3","letter-spacing":"CT_CSS_SKIP_RULE","text-transform":"uppercase","text-decoration":"CT_CSS_SKIP_RULE"},"pageMetaFontColor":{"default":{"color":"CT_CSS_SKIP_RULEDEFAULT"},"hover":{"color":"CT_CSS_SKIP_RULEDEFAULT"}},"page_meta_button_type_font_colors":{"default":{"color":"CT_CSS_SKIP_RULEDEFAULT"},"hover":{"color":"CT_CSS_SKIP_RULEDEFAULT"}},"page_meta_button_type_background_colors":{"default":{"color":"CT_CSS_SKIP_RULEDEFAULT"},"hover":{"color":"CT_CSS_SKIP_RULEDEFAULT"}},"pageExcerptFont":{"family":"Default","variation":"Default","size":"CT_CSS_SKIP_RULE","line-height":"CT_CSS_SKIP_RULE","letter-spacing":"CT_CSS_SKIP_RULE","text-transform":"CT_CSS_SKIP_RULE","text-decoration":"CT_CSS_SKIP_RULE"},"pageExcerptColor":{"default":{"color":"CT_CSS_SKIP_RULEDEFAULT"}},"breadcrumbsFont":{"family":"Default","variation":"Default","size":"CT_CSS_SKIP_RULE","line-height":"CT_CSS_SKIP_RULE","letter-spacing":"CT_CSS_SKIP_RULE","text-transform":"CT_CSS_SKIP_RULE","text-decoration":"CT_CSS_SKIP_RULE"},"breadcrumbsFontColor":{"default":{"color":"CT_CSS_SKIP_RULEDEFAULT"},"initial":{"color":"CT_CSS_SKIP_RULEDEFAULT"},"hover":{"color":"CT_CSS_SKIP_RULEDEFAULT"}},"pageTitleOverlay":{"background_type":"color","background_pattern":"type-1","background_image":{"attachment_id":null,"x":0,"y":0},"gradient":"linear-gradient(135deg,rgba(6,147,227,1) 0%,rgb(155,81,224) 100%)","background_repeat":"repeat","background_size":"auto","background_attachment":"scroll","patternColor":{"default":{"color":"#e5e7ea"}},"overlayColor":{"default":{"color":"CT_CSS_SKIP_RULE"}},"backgroundColor":{"default":{"color":"CT_CSS_SKIP_RULE"}}},"pageTitleBackground":{"background_type":"color","background_pattern":"type-1","background_image":{"attachment_id":null,"x":0,"y":0},"gradient":"linear-gradient(135deg,rgba(6,147,227,1) 0%,rgb(155,81,224) 100%)","background_repeat":"repeat","background_size":"auto","background_attachment":"scroll","patternColor":{"default":{"color":"#e5e7ea"}},"overlayColor":{"default":{"color":"CT_CSS_SKIP_RULE"}},"backgroundColor":{"default":{"color":"var(--theme-palette-color-6)"}}},"pageTitlePadding":{"top":"50px","bottom":"50px","left":"auto","right":"auto","linked":true},"3ca83537ec355e8d63870a30117b1ce8":"","page_structure_type":"default","dcdc5c66dddca70118f5ac7cc86bba1b":"","content_style_source":"inherit","content_style":"wide","vertical_spacing_source":"custom","content_area_spacing":"none","background":{"background_type":"color","background_pattern":"type-1","background_image":{"attachment_id":null,"x":0,"y":0},"gradient":"linear-gradient(135deg,rgba(6,147,227,1) 0%,rgb(155,81,224) 100%)","background_repeat":"repeat","background_size":"auto","background_attachment":"scroll","patternColor":{"default":{"color":"#e5e7ea"}},"overlayColor":{"default":{"color":"CT_CSS_SKIP_RULE"}},"backgroundColor":{"default":{"color":"CT_CSS_SKIP_RULE"}}},"content_background":{"background_type":"color","background_pattern":"type-1","background_image":{"attachment_id":null,"x":0,"y":0},"gradient":"linear-gradient(135deg,rgba(6,147,227,1) 0%,rgb(155,81,224) 100%)","background_repeat":"repeat","background_size":"auto","background_attachment":"scroll","patternColor":{"default":{"color":"#e5e7ea"}},"overlayColor":{"default":{"color":"CT_CSS_SKIP_RULE"}},"backgroundColor":{"default":{"color":"var(--theme-palette-color-8)"}}},"content_boxed_shadow":{"inherit":false,"blur":18,"spread":-6,"v_offset":12,"h_offset":0,"inset":false,"enable":true,"color":{"color":"rgba(34, 56, 101, 0.04)"}},"content_boxed_border":{"width":1,"style":"none","color":{"color":"rgba(44,62,80,0.2)"}},"content_boxed_radius":{"top":"3px","bottom":"3px","left":"3px","right":"3px","linked":true},"boxed_content_spacing":{"desktop":{"top":"40px","bottom":"40px","left":"40px","right":"40px","linked":true},"tablet":{"top":"35px","bottom":"35px","left":"35px","right":"35px","linked":true},"mobile":{"top":"20px","bottom":"20px","left":"20px","right":"20px","linked":true}},"e7c68c01908467f471590cb05016567f":"","disable_featured_image":"no","disable_share_box":"no","disable_header":"no","disable_footer":"no","styles_descriptor":{"styles":{"desktop":"","tablet":"","mobile":""},"google_fonts":[],"version":6}},"_links":{"self":[{"href":"https:\/\/bursahavalandirmabakim.com\/en\/wp-json\/wp\/v2\/pages\/623","targetHints":{"allow":["GET"]}}],"collection":[{"href":"https:\/\/bursahavalandirmabakim.com\/en\/wp-json\/wp\/v2\/pages"}],"about":[{"href":"https:\/\/bursahavalandirmabakim.com\/en\/wp-json\/wp\/v2\/types\/page"}],"author":[{"embeddable":true,"href":"https:\/\/bursahavalandirmabakim.com\/en\/wp-json\/wp\/v2\/users\/1"}],"replies":[{"embeddable":true,"href":"https:\/\/bursahavalandirmabakim.com\/en\/wp-json\/wp\/v2\/comments?post=623"}],"version-history":[{"count":34,"href":"https:\/\/bursahavalandirmabakim.com\/en\/wp-json\/wp\/v2\/pages\/623\/revisions"}],"predecessor-version":[{"id":1625,"href":"https:\/\/bursahavalandirmabakim.com\/en\/wp-json\/wp\/v2\/pages\/623\/revisions\/1625"}],"wp:attachment":[{"href":"https:\/\/bursahavalandirmabakim.com\/en\/wp-json\/wp\/v2\/media?parent=623"}],"curies":[{"name":"wp","href":"https:\/\/api.w.org\/{rel}","templated":true}]}}